{"id":794,"date":"2023-11-28T09:07:59","date_gmt":"2023-11-28T08:07:59","guid":{"rendered":"https:\/\/fabiansloboda.insyde.at\/?post_type=product&#038;p=794"},"modified":"2024-09-20T10:51:52","modified_gmt":"2024-09-20T08:51:52","slug":"doppelpannonische-schnapskarten","status":"publish","type":"product","link":"https:\/\/sloboda.at\/en\/produkt\/doppelpannonische-schnapskarten\/","title":{"rendered":"Doppelpannonische Schnapskarten"},"content":{"rendered":"<p>Das Highlight des ausklingenden Jahres: Dieses Kartenset spielt mit lauter grauslichen Dingen: Geschlechterklischees, Stereotypen und was wohl am schlimmsten ist: K\u00fcnstlicher Intelligenz. Einzig die Fotografie von\u00a0<strong>Alex Lang<\/strong>\u00a0(die Portraits von\u00a0<strong>Fabian Sloboda<\/strong>) ist hochprofessionell, alles andere hat\u00a0<strong>Nikolaus Eberstaller<\/strong>\u00a0verbrochen: Der wollte eigentlich zeigen, dass KI ziemlich deppat ist \u2026 am Ende des Projektes war er dann selber baff. Wie auch immer: Fabian w\u00fcnscht eine feine Zeit. \u00dcbrigens: zum\u00a0<em>Schnapsen<\/em>\u00a0k\u00f6nnte man durchaus Wein trinken. Das w\u00fcrde dann aber trotzdem nicht\u00a0<em>Weinen\u00a0<\/em>hei\u00dfen.<\/p>\n","protected":false},"excerpt":{"rendered":"<p>VERSAND kostenlos!<\/p>\n<p>Du kennst Doppeldeutsche Schnapskarten? Ja? Aber Fabians doppelpannonische Schnapskarten kennst du nicht. Die sind \u2026 hm \u2026 ziemlich anders als alle Spielkarten, die du bis jetzt gesehen hast. Die sind nicht nur f\u00fcr echte Burgenl\u00e4nder, sondern auch f\u00fcr alle Burgenlandfans ein absolutes Musshaben.<\/p>\n","protected":false},"featured_media":822,"template":"","meta":{"_acf_changed":false,"ocean_post_layout":"","ocean_both_sidebars_style":"","ocean_both_sidebars_content_width":0,"ocean_both_sidebars_sidebars_width":0,"ocean_sidebar":"","ocean_second_sidebar":"","ocean_disable_margins":"enable","ocean_add_body_class":"","ocean_shortcode_before_top_bar":"","ocean_shortcode_after_top_bar":"","ocean_shortcode_before_header":"","ocean_shortcode_after_header":"","ocean_has_shortcode":"","ocean_shortcode_after_title":"","ocean_shortcode_before_footer_widgets":"","ocean_shortcode_after_footer_widgets":"","ocean_shortcode_before_footer_bottom":"","ocean_shortcode_after_footer_bottom":"","ocean_display_top_bar":"default","ocean_display_header":"default","ocean_header_style":"","ocean_center_header_left_menu":"","ocean_custom_header_template":"","ocean_custom_logo":0,"ocean_custom_retina_logo":0,"ocean_custom_logo_max_width":0,"ocean_custom_logo_tablet_max_width":0,"ocean_custom_logo_mobile_max_width":0,"ocean_custom_logo_max_height":0,"ocean_custom_logo_tablet_max_height":0,"ocean_custom_logo_mobile_max_height":0,"ocean_header_custom_menu":"","ocean_menu_typo_font_family":"","ocean_menu_typo_font_subset":"","ocean_menu_typo_font_size":0,"ocean_menu_typo_font_size_tablet":0,"ocean_menu_typo_font_size_mobile":0,"ocean_menu_typo_font_size_unit":"px","ocean_menu_typo_font_weight":"","ocean_menu_typo_font_weight_tablet":"","ocean_menu_typo_font_weight_mobile":"","ocean_menu_typo_transform":"","ocean_menu_typo_transform_tablet":"","ocean_menu_typo_transform_mobile":"","ocean_menu_typo_line_height":0,"ocean_menu_typo_line_height_tablet":0,"ocean_menu_typo_line_height_mobile":0,"ocean_menu_typo_line_height_unit":"","ocean_menu_typo_spacing":0,"ocean_menu_typo_spacing_tablet":0,"ocean_menu_typo_spacing_mobile":0,"ocean_menu_typo_spacing_unit":"","ocean_menu_link_color":"","ocean_menu_link_color_hover":"","ocean_menu_link_color_active":"","ocean_menu_link_background":"","ocean_menu_link_hover_background":"","ocean_menu_link_active_background":"","ocean_menu_social_links_bg":"","ocean_menu_social_hover_links_bg":"","ocean_menu_social_links_color":"","ocean_menu_social_hover_links_color":"","ocean_disable_title":"default","ocean_disable_heading":"default","ocean_post_title":"","ocean_post_subheading":"","ocean_post_title_style":"","ocean_post_title_background_color":"","ocean_post_title_background":0,"ocean_post_title_bg_image_position":"","ocean_post_title_bg_image_attachment":"","ocean_post_title_bg_image_repeat":"","ocean_post_title_bg_image_size":"","ocean_post_title_height":0,"ocean_post_title_bg_overlay":0.5,"ocean_post_title_bg_overlay_color":"","ocean_disable_breadcrumbs":"default","ocean_breadcrumbs_color":"","ocean_breadcrumbs_separator_color":"","ocean_breadcrumbs_links_color":"","ocean_breadcrumbs_links_hover_color":"","ocean_display_footer_widgets":"default","ocean_display_footer_bottom":"default","ocean_custom_footer_template":""},"product_brand":[],"product_cat":[28],"product_tag":[],"class_list":{"0":"post-794","1":"product","2":"type-product","3":"status-publish","4":"has-post-thumbnail","6":"product_cat-specials","8":"entry","9":"has-media","11":"first","12":"outofstock","13":"sale","14":"taxable","15":"shipping-taxable","16":"purchasable","17":"product-type-simple","18":"col","19":"span_1_of_4","20":"owp-content-center","21":"owp-thumbs-layout-horizontal","22":"owp-btn-big","23":"owp-tabs-layout-horizontal","24":"has-no-thumbnails"},"acf":[],"yoast_head":"<!-- This site is optimized with the Yoast SEO plugin v27.2 - https:\/\/yoast.com\/product\/yoast-seo-wordpress\/ -->\n<title>Doppelpannonische Schnapskarten - Weingut Fabian Sloboda<\/title>\n<meta name=\"robots\" content=\"index, follow, max-snippet:-1, max-image-preview:large, max-video-preview:-1\" \/>\n<link rel=\"canonical\" href=\"https:\/\/sloboda.at\/en\/produkt\/doppelpannonische-schnapskarten\/\" \/>\n<meta property=\"og:locale\" content=\"en_US\" \/>\n<meta property=\"og:type\" content=\"article\" \/>\n<meta property=\"og:title\" content=\"Doppelpannonische Schnapskarten - Weingut Fabian Sloboda\" \/>\n<meta property=\"og:description\" content=\"VERSAND kostenlos!  Du kennst Doppeldeutsche Schnapskarten? Ja? Aber Fabians doppelpannonische Schnapskarten kennst du nicht. Die sind \u2026 hm \u2026 ziemlich anders als alle Spielkarten, die du bis jetzt gesehen hast. Die sind nicht nur f\u00fcr echte Burgenl\u00e4nder, sondern auch f\u00fcr alle Burgenlandfans ein absolutes Musshaben.\" \/>\n<meta property=\"og:url\" content=\"https:\/\/sloboda.at\/en\/produkt\/doppelpannonische-schnapskarten\/\" \/>\n<meta property=\"og:site_name\" content=\"Weingut Fabian Sloboda\" \/>\n<meta property=\"article:publisher\" content=\"https:\/\/www.facebook.com\/p\/Heuriger-Fabian-100063709475802\/?locale=de_DE\" \/>\n<meta property=\"article:modified_time\" content=\"2024-09-20T08:51:52+00:00\" \/>\n<meta property=\"og:image\" content=\"https:\/\/sloboda.at\/wp-content\/uploads\/2023\/11\/fabians_karten.png\" \/>\n\t<meta property=\"og:image:width\" content=\"400\" \/>\n\t<meta property=\"og:image:height\" content=\"700\" \/>\n\t<meta property=\"og:image:type\" content=\"image\/png\" \/>\n<meta name=\"twitter:card\" content=\"summary_large_image\" \/>\n<meta name=\"twitter:label1\" content=\"Est. reading time\" \/>\n\t<meta name=\"twitter:data1\" content=\"1 minute\" \/>\n<script type=\"application\/ld+json\" class=\"yoast-schema-graph\">{\"@context\":\"https:\/\/schema.org\",\"@graph\":[{\"@type\":\"WebPage\",\"@id\":\"https:\/\/sloboda.at\/en\/produkt\/doppelpannonische-schnapskarten\/\",\"url\":\"https:\/\/sloboda.at\/en\/produkt\/doppelpannonische-schnapskarten\/\",\"name\":\"Doppelpannonische Schnapskarten - Weingut Fabian Sloboda\",\"isPartOf\":{\"@id\":\"https:\/\/sloboda.at\/en\/#website\"},\"primaryImageOfPage\":{\"@id\":\"https:\/\/sloboda.at\/en\/produkt\/doppelpannonische-schnapskarten\/#primaryimage\"},\"image\":{\"@id\":\"https:\/\/sloboda.at\/en\/produkt\/doppelpannonische-schnapskarten\/#primaryimage\"},\"thumbnailUrl\":\"https:\/\/sloboda.at\/wp-content\/uploads\/2023\/11\/fabians_karten.png\",\"datePublished\":\"2023-11-28T08:07:59+00:00\",\"dateModified\":\"2024-09-20T08:51:52+00:00\",\"breadcrumb\":{\"@id\":\"https:\/\/sloboda.at\/en\/produkt\/doppelpannonische-schnapskarten\/#breadcrumb\"},\"inLanguage\":\"en-US\",\"potentialAction\":[{\"@type\":\"ReadAction\",\"target\":[\"https:\/\/sloboda.at\/en\/produkt\/doppelpannonische-schnapskarten\/\"]}]},{\"@type\":\"ImageObject\",\"inLanguage\":\"en-US\",\"@id\":\"https:\/\/sloboda.at\/en\/produkt\/doppelpannonische-schnapskarten\/#primaryimage\",\"url\":\"https:\/\/sloboda.at\/wp-content\/uploads\/2023\/11\/fabians_karten.png\",\"contentUrl\":\"https:\/\/sloboda.at\/wp-content\/uploads\/2023\/11\/fabians_karten.png\",\"width\":400,\"height\":700},{\"@type\":\"BreadcrumbList\",\"@id\":\"https:\/\/sloboda.at\/en\/produkt\/doppelpannonische-schnapskarten\/#breadcrumb\",\"itemListElement\":[{\"@type\":\"ListItem\",\"position\":1,\"name\":\"Startseite\",\"item\":\"https:\/\/sloboda.at\/en\/\"},{\"@type\":\"ListItem\",\"position\":2,\"name\":\"Shop\",\"item\":\"https:\/\/sloboda.at\/en\/shop\/\"},{\"@type\":\"ListItem\",\"position\":3,\"name\":\"Doppelpannonische Schnapskarten\"}]},{\"@type\":\"WebSite\",\"@id\":\"https:\/\/sloboda.at\/en\/#website\",\"url\":\"https:\/\/sloboda.at\/en\/\",\"name\":\"Weingut Fabian Sloboda\",\"description\":\"Fabian Sloboda\",\"publisher\":{\"@id\":\"https:\/\/sloboda.at\/en\/#organization\"},\"potentialAction\":[{\"@type\":\"SearchAction\",\"target\":{\"@type\":\"EntryPoint\",\"urlTemplate\":\"https:\/\/sloboda.at\/en\/?s={search_term_string}\"},\"query-input\":{\"@type\":\"PropertyValueSpecification\",\"valueRequired\":true,\"valueName\":\"search_term_string\"}}],\"inLanguage\":\"en-US\"},{\"@type\":\"Organization\",\"@id\":\"https:\/\/sloboda.at\/en\/#organization\",\"name\":\"Weingut Fabian Sloboda\",\"url\":\"https:\/\/sloboda.at\/en\/\",\"logo\":{\"@type\":\"ImageObject\",\"inLanguage\":\"en-US\",\"@id\":\"https:\/\/sloboda.at\/en\/#\/schema\/logo\/image\/\",\"url\":\"https:\/\/sloboda.at\/wp-content\/uploads\/2023\/12\/sloboda-logo-borlabs.png\",\"contentUrl\":\"https:\/\/sloboda.at\/wp-content\/uploads\/2023\/12\/sloboda-logo-borlabs.png\",\"width\":761,\"height\":111,\"caption\":\"Weingut Fabian Sloboda\"},\"image\":{\"@id\":\"https:\/\/sloboda.at\/en\/#\/schema\/logo\/image\/\"},\"sameAs\":[\"https:\/\/www.facebook.com\/p\/Heuriger-Fabian-100063709475802\/?locale=de_DE\"]}]}<\/script>\n<!-- \/ Yoast SEO plugin. -->","yoast_head_json":{"title":"Doppelpannonische Schnapskarten - Weingut Fabian Sloboda","robots":{"index":"index","follow":"follow","max-snippet":"max-snippet:-1","max-image-preview":"max-image-preview:large","max-video-preview":"max-video-preview:-1"},"canonical":"https:\/\/sloboda.at\/en\/produkt\/doppelpannonische-schnapskarten\/","og_locale":"en_US","og_type":"article","og_title":"Doppelpannonische Schnapskarten - Weingut Fabian Sloboda","og_description":"VERSAND kostenlos!  Du kennst Doppeldeutsche Schnapskarten? Ja? Aber Fabians doppelpannonische Schnapskarten kennst du nicht. Die sind \u2026 hm \u2026 ziemlich anders als alle Spielkarten, die du bis jetzt gesehen hast. Die sind nicht nur f\u00fcr echte Burgenl\u00e4nder, sondern auch f\u00fcr alle Burgenlandfans ein absolutes Musshaben.","og_url":"https:\/\/sloboda.at\/en\/produkt\/doppelpannonische-schnapskarten\/","og_site_name":"Weingut Fabian Sloboda","article_publisher":"https:\/\/www.facebook.com\/p\/Heuriger-Fabian-100063709475802\/?locale=de_DE","article_modified_time":"2024-09-20T08:51:52+00:00","og_image":[{"width":400,"height":700,"url":"https:\/\/sloboda.at\/wp-content\/uploads\/2023\/11\/fabians_karten.png","type":"image\/png"}],"twitter_card":"summary_large_image","twitter_misc":{"Est. reading time":"1 minute"},"schema":{"@context":"https:\/\/schema.org","@graph":[{"@type":"WebPage","@id":"https:\/\/sloboda.at\/en\/produkt\/doppelpannonische-schnapskarten\/","url":"https:\/\/sloboda.at\/en\/produkt\/doppelpannonische-schnapskarten\/","name":"Doppelpannonische Schnapskarten - Weingut Fabian Sloboda","isPartOf":{"@id":"https:\/\/sloboda.at\/en\/#website"},"primaryImageOfPage":{"@id":"https:\/\/sloboda.at\/en\/produkt\/doppelpannonische-schnapskarten\/#primaryimage"},"image":{"@id":"https:\/\/sloboda.at\/en\/produkt\/doppelpannonische-schnapskarten\/#primaryimage"},"thumbnailUrl":"https:\/\/sloboda.at\/wp-content\/uploads\/2023\/11\/fabians_karten.png","datePublished":"2023-11-28T08:07:59+00:00","dateModified":"2024-09-20T08:51:52+00:00","breadcrumb":{"@id":"https:\/\/sloboda.at\/en\/produkt\/doppelpannonische-schnapskarten\/#breadcrumb"},"inLanguage":"en-US","potentialAction":[{"@type":"ReadAction","target":["https:\/\/sloboda.at\/en\/produkt\/doppelpannonische-schnapskarten\/"]}]},{"@type":"ImageObject","inLanguage":"en-US","@id":"https:\/\/sloboda.at\/en\/produkt\/doppelpannonische-schnapskarten\/#primaryimage","url":"https:\/\/sloboda.at\/wp-content\/uploads\/2023\/11\/fabians_karten.png","contentUrl":"https:\/\/sloboda.at\/wp-content\/uploads\/2023\/11\/fabians_karten.png","width":400,"height":700},{"@type":"BreadcrumbList","@id":"https:\/\/sloboda.at\/en\/produkt\/doppelpannonische-schnapskarten\/#breadcrumb","itemListElement":[{"@type":"ListItem","position":1,"name":"Startseite","item":"https:\/\/sloboda.at\/en\/"},{"@type":"ListItem","position":2,"name":"Shop","item":"https:\/\/sloboda.at\/en\/shop\/"},{"@type":"ListItem","position":3,"name":"Doppelpannonische Schnapskarten"}]},{"@type":"WebSite","@id":"https:\/\/sloboda.at\/en\/#website","url":"https:\/\/sloboda.at\/en\/","name":"Weingut Fabian Sloboda","description":"Fabian Sloboda","publisher":{"@id":"https:\/\/sloboda.at\/en\/#organization"},"potentialAction":[{"@type":"SearchAction","target":{"@type":"EntryPoint","urlTemplate":"https:\/\/sloboda.at\/en\/?s={search_term_string}"},"query-input":{"@type":"PropertyValueSpecification","valueRequired":true,"valueName":"search_term_string"}}],"inLanguage":"en-US"},{"@type":"Organization","@id":"https:\/\/sloboda.at\/en\/#organization","name":"Weingut Fabian Sloboda","url":"https:\/\/sloboda.at\/en\/","logo":{"@type":"ImageObject","inLanguage":"en-US","@id":"https:\/\/sloboda.at\/en\/#\/schema\/logo\/image\/","url":"https:\/\/sloboda.at\/wp-content\/uploads\/2023\/12\/sloboda-logo-borlabs.png","contentUrl":"https:\/\/sloboda.at\/wp-content\/uploads\/2023\/12\/sloboda-logo-borlabs.png","width":761,"height":111,"caption":"Weingut Fabian Sloboda"},"image":{"@id":"https:\/\/sloboda.at\/en\/#\/schema\/logo\/image\/"},"sameAs":["https:\/\/www.facebook.com\/p\/Heuriger-Fabian-100063709475802\/?locale=de_DE"]}]}},"_links":{"self":[{"href":"https:\/\/sloboda.at\/en\/wp-json\/wp\/v2\/product\/794","targetHints":{"allow":["GET"]}}],"collection":[{"href":"https:\/\/sloboda.at\/en\/wp-json\/wp\/v2\/product"}],"about":[{"href":"https:\/\/sloboda.at\/en\/wp-json\/wp\/v2\/types\/product"}],"wp:featuredmedia":[{"embeddable":true,"href":"https:\/\/sloboda.at\/en\/wp-json\/wp\/v2\/media\/822"}],"wp:attachment":[{"href":"https:\/\/sloboda.at\/en\/wp-json\/wp\/v2\/media?parent=794"}],"wp:term":[{"taxonomy":"product_brand","embeddable":true,"href":"https:\/\/sloboda.at\/en\/wp-json\/wp\/v2\/product_brand?post=794"},{"taxonomy":"product_cat","embeddable":true,"href":"https:\/\/sloboda.at\/en\/wp-json\/wp\/v2\/product_cat?post=794"},{"taxonomy":"product_tag","embeddable":true,"href":"https:\/\/sloboda.at\/en\/wp-json\/wp\/v2\/product_tag?post=794"}],"curies":[{"name":"wp","href":"https:\/\/api.w.org\/{rel}","templated":true}]}}