{"id":3388,"date":"2025-11-20T10:17:15","date_gmt":"2025-11-20T09:17:15","guid":{"rendered":"https:\/\/sloboda.at\/?post_type=product&#038;p=3388"},"modified":"2025-11-20T11:31:06","modified_gmt":"2025-11-20T10:31:06","slug":"6er-kennenlern-paket","status":"publish","type":"product","link":"https:\/\/sloboda.at\/en\/produkt\/6er-kennenlern-paket\/","title":{"rendered":"Kennenlern-Paket<br>6 x 0.75L"},"content":{"rendered":"","protected":false},"excerpt":{"rendered":"<p>Wir kennen uns noch nicht? Gestatten: Fabian! 6 Weine, quer durch unsere Weing\u00e4rten. Einer davon im See gelagert (Wellent\u00e4nzer 19).<\/p>\n<p>Daher mein Kennenlern-Angebot:<\/p>\n<p><strong>6er PAKET &#8220;Ein Gria\u00dfdi vom Fabian&#8221;<\/strong><\/p>\n<ul>\n<li><a href=\"\/produkt\/wellentaenzer-2019\/\" target=\"_blank\" rel=\"noopener noreferrer\">Wellent\u00e4nzer 2019<\/a><\/li>\n<li><a href=\"\/produkt\/blauer-zweigelt-ried-georgskirchen\/\" target=\"_blank\" rel=\"noopener noreferrer\">Blauer Zweigelt Ried Georgskirchen 2023<\/a><\/li>\n<li><a href=\"\/produkt\/frizzante-weiss\/\" target=\"_blank\" rel=\"noopener noreferrer\">Frizzante Wei\u00df<\/a><\/li>\n<li><a href=\"\/produkt\/blauer-zweigelt-rose\/\" target=\"_blank\" rel=\"noopener noreferrer\">Ros\u00e9 Blauer Zweigelt 2024<\/a><\/li>\n<li><a href=\"\/produkt\/welschriesling\/\" target=\"_blank\" rel=\"noopener noreferrer\">Welschriesling 2024<\/a><\/li>\n<li><a href=\"\/produkt\/weissburgunder\/\" target=\"_blank\" rel=\"noopener noreferrer\">Wei\u00dfburgunder 2024<\/a><\/li>\n<\/ul>\n<p>&nbsp;<\/p>\n<p>Regul\u00e4r: <span style=\"text-decoration: line-through;\">\u20ac73<\/span><br \/>\nAktionspreis: <strong>\u20ac58,40<\/strong> inkl. Versand<\/p>\n<p><strong>Inklusive Versand.<\/strong><\/p>\n<p style=\"color: var(--farbe-magenta);\">Solange der limitierte Vorrat reicht<br \/>\nDer Wellent\u00e4nzer 19 ist bald ausverkauft!<\/p>\n","protected":false},"featured_media":3390,"template":"","meta":{"_acf_changed":false,"ocean_post_layout":"","ocean_both_sidebars_style":"","ocean_both_sidebars_content_width":0,"ocean_both_sidebars_sidebars_width":0,"ocean_sidebar":"","ocean_second_sidebar":"","ocean_disable_margins":"enable","ocean_add_body_class":"","ocean_shortcode_before_top_bar":"","ocean_shortcode_after_top_bar":"","ocean_shortcode_before_header":"","ocean_shortcode_after_header":"","ocean_has_shortcode":"","ocean_shortcode_after_title":"","ocean_shortcode_before_footer_widgets":"","ocean_shortcode_after_footer_widgets":"","ocean_shortcode_before_footer_bottom":"","ocean_shortcode_after_footer_bottom":"","ocean_display_top_bar":"default","ocean_display_header":"default","ocean_header_style":"","ocean_center_header_left_menu":"","ocean_custom_header_template":"","ocean_custom_logo":0,"ocean_custom_retina_logo":0,"ocean_custom_logo_max_width":0,"ocean_custom_logo_tablet_max_width":0,"ocean_custom_logo_mobile_max_width":0,"ocean_custom_logo_max_height":0,"ocean_custom_logo_tablet_max_height":0,"ocean_custom_logo_mobile_max_height":0,"ocean_header_custom_menu":"","ocean_menu_typo_font_family":"","ocean_menu_typo_font_subset":"","ocean_menu_typo_font_size":0,"ocean_menu_typo_font_size_tablet":0,"ocean_menu_typo_font_size_mobile":0,"ocean_menu_typo_font_size_unit":"px","ocean_menu_typo_font_weight":"","ocean_menu_typo_font_weight_tablet":"","ocean_menu_typo_font_weight_mobile":"","ocean_menu_typo_transform":"","ocean_menu_typo_transform_tablet":"","ocean_menu_typo_transform_mobile":"","ocean_menu_typo_line_height":0,"ocean_menu_typo_line_height_tablet":0,"ocean_menu_typo_line_height_mobile":0,"ocean_menu_typo_line_height_unit":"","ocean_menu_typo_spacing":0,"ocean_menu_typo_spacing_tablet":0,"ocean_menu_typo_spacing_mobile":0,"ocean_menu_typo_spacing_unit":"","ocean_menu_link_color":"","ocean_menu_link_color_hover":"","ocean_menu_link_color_active":"","ocean_menu_link_background":"","ocean_menu_link_hover_background":"","ocean_menu_link_active_background":"","ocean_menu_social_links_bg":"","ocean_menu_social_hover_links_bg":"","ocean_menu_social_links_color":"","ocean_menu_social_hover_links_color":"","ocean_disable_title":"default","ocean_disable_heading":"default","ocean_post_title":"","ocean_post_subheading":"","ocean_post_title_style":"","ocean_post_title_background_color":"","ocean_post_title_background":0,"ocean_post_title_bg_image_position":"","ocean_post_title_bg_image_attachment":"","ocean_post_title_bg_image_repeat":"","ocean_post_title_bg_image_size":"","ocean_post_title_height":0,"ocean_post_title_bg_overlay":0.5,"ocean_post_title_bg_overlay_color":"","ocean_disable_breadcrumbs":"default","ocean_breadcrumbs_color":"","ocean_breadcrumbs_separator_color":"","ocean_breadcrumbs_links_color":"","ocean_breadcrumbs_links_hover_color":"","ocean_display_footer_widgets":"default","ocean_display_footer_bottom":"default","ocean_custom_footer_template":""},"product_brand":[],"product_cat":[21],"product_tag":[],"class_list":{"0":"post-3388","1":"product","2":"type-product","3":"status-publish","4":"has-post-thumbnail","6":"product_cat-weinpakete","8":"entry","9":"has-media","11":"first","12":"instock","13":"sale","14":"taxable","15":"shipping-taxable","16":"purchasable","17":"product-type-simple","18":"col","19":"span_1_of_4","20":"owp-content-center","21":"owp-thumbs-layout-horizontal","22":"owp-btn-big","23":"owp-tabs-layout-horizontal","24":"has-no-thumbnails"},"acf":[],"yoast_head":"<!-- This site is optimized with the Yoast SEO plugin v27.2 - https:\/\/yoast.com\/product\/yoast-seo-wordpress\/ -->\n<title>Kennenlern-Paket6 x 0.75L - Weingut Fabian Sloboda<\/title>\n<meta name=\"robots\" content=\"index, follow, max-snippet:-1, max-image-preview:large, max-video-preview:-1\" \/>\n<link rel=\"canonical\" href=\"https:\/\/sloboda.at\/en\/produkt\/6er-kennenlern-paket\/\" \/>\n<meta property=\"og:locale\" content=\"en_US\" \/>\n<meta property=\"og:type\" content=\"article\" \/>\n<meta property=\"og:title\" content=\"Kennenlern-Paket6 x 0.75L - Weingut Fabian Sloboda\" \/>\n<meta property=\"og:description\" content=\"Wir kennen uns noch nicht? Gestatten: Fabian! 6 Weine, quer durch unsere Weing\u00e4rten. Einer davon im See gelagert (Wellent\u00e4nzer 19).  Daher mein Kennenlern-Angebot:  6er PAKET &quot;Ein Gria\u00dfdi vom Fabian&quot;   Wellent\u00e4nzer 2019  Blauer Zweigelt Ried Georgskirchen 2023  Frizzante Wei\u00df  Ros\u00e9 Blauer Zweigelt 2024  Welschriesling 2024  Wei\u00dfburgunder 2024  &nbsp;  Regul\u00e4r: \u20ac73 Aktionspreis: \u20ac58,40 inkl. Versand  Inklusive Versand. Solange der limitierte Vorrat reicht Der Wellent\u00e4nzer 19 ist bald ausverkauft!\" \/>\n<meta property=\"og:url\" content=\"https:\/\/sloboda.at\/en\/produkt\/6er-kennenlern-paket\/\" \/>\n<meta property=\"og:site_name\" content=\"Weingut Fabian Sloboda\" \/>\n<meta property=\"article:publisher\" content=\"https:\/\/www.facebook.com\/p\/Heuriger-Fabian-100063709475802\/?locale=de_DE\" \/>\n<meta property=\"article:modified_time\" content=\"2025-11-20T10:31:06+00:00\" \/>\n<meta property=\"og:image\" content=\"https:\/\/sloboda.at\/wp-content\/uploads\/2025\/11\/Sloboda-6er-Paket-Griassdi.jpg\" \/>\n\t<meta property=\"og:image:width\" content=\"300\" \/>\n\t<meta property=\"og:image:height\" content=\"525\" \/>\n\t<meta property=\"og:image:type\" content=\"image\/jpeg\" \/>\n<meta name=\"twitter:card\" content=\"summary_large_image\" \/>\n<meta name=\"twitter:label1\" content=\"Est. reading time\" \/>\n\t<meta name=\"twitter:data1\" content=\"1 minute\" \/>\n<script type=\"application\/ld+json\" class=\"yoast-schema-graph\">{\"@context\":\"https:\/\/schema.org\",\"@graph\":[{\"@type\":\"WebPage\",\"@id\":\"https:\/\/sloboda.at\/en\/produkt\/6er-kennenlern-paket\/\",\"url\":\"https:\/\/sloboda.at\/en\/produkt\/6er-kennenlern-paket\/\",\"name\":\"Kennenlern-Paket 6 x 0.75L - Weingut Fabian Sloboda\",\"isPartOf\":{\"@id\":\"https:\/\/sloboda.at\/en\/#website\"},\"primaryImageOfPage\":{\"@id\":\"https:\/\/sloboda.at\/en\/produkt\/6er-kennenlern-paket\/#primaryimage\"},\"image\":{\"@id\":\"https:\/\/sloboda.at\/en\/produkt\/6er-kennenlern-paket\/#primaryimage\"},\"thumbnailUrl\":\"https:\/\/sloboda.at\/wp-content\/uploads\/2025\/11\/Sloboda-6er-Paket-Griassdi.jpg\",\"datePublished\":\"2025-11-20T09:17:15+00:00\",\"dateModified\":\"2025-11-20T10:31:06+00:00\",\"breadcrumb\":{\"@id\":\"https:\/\/sloboda.at\/en\/produkt\/6er-kennenlern-paket\/#breadcrumb\"},\"inLanguage\":\"en-US\",\"potentialAction\":[{\"@type\":\"ReadAction\",\"target\":[\"https:\/\/sloboda.at\/en\/produkt\/6er-kennenlern-paket\/\"]}]},{\"@type\":\"ImageObject\",\"inLanguage\":\"en-US\",\"@id\":\"https:\/\/sloboda.at\/en\/produkt\/6er-kennenlern-paket\/#primaryimage\",\"url\":\"https:\/\/sloboda.at\/wp-content\/uploads\/2025\/11\/Sloboda-6er-Paket-Griassdi.jpg\",\"contentUrl\":\"https:\/\/sloboda.at\/wp-content\/uploads\/2025\/11\/Sloboda-6er-Paket-Griassdi.jpg\",\"width\":300,\"height\":525},{\"@type\":\"BreadcrumbList\",\"@id\":\"https:\/\/sloboda.at\/en\/produkt\/6er-kennenlern-paket\/#breadcrumb\",\"itemListElement\":[{\"@type\":\"ListItem\",\"position\":1,\"name\":\"Startseite\",\"item\":\"https:\/\/sloboda.at\/en\/\"},{\"@type\":\"ListItem\",\"position\":2,\"name\":\"Shop\",\"item\":\"https:\/\/sloboda.at\/en\/shop\/\"},{\"@type\":\"ListItem\",\"position\":3,\"name\":\"Kennenlern-Paket6 x 0.75L\"}]},{\"@type\":\"WebSite\",\"@id\":\"https:\/\/sloboda.at\/en\/#website\",\"url\":\"https:\/\/sloboda.at\/en\/\",\"name\":\"Weingut Fabian Sloboda\",\"description\":\"Fabian Sloboda\",\"publisher\":{\"@id\":\"https:\/\/sloboda.at\/en\/#organization\"},\"potentialAction\":[{\"@type\":\"SearchAction\",\"target\":{\"@type\":\"EntryPoint\",\"urlTemplate\":\"https:\/\/sloboda.at\/en\/?s={search_term_string}\"},\"query-input\":{\"@type\":\"PropertyValueSpecification\",\"valueRequired\":true,\"valueName\":\"search_term_string\"}}],\"inLanguage\":\"en-US\"},{\"@type\":\"Organization\",\"@id\":\"https:\/\/sloboda.at\/en\/#organization\",\"name\":\"Weingut Fabian Sloboda\",\"url\":\"https:\/\/sloboda.at\/en\/\",\"logo\":{\"@type\":\"ImageObject\",\"inLanguage\":\"en-US\",\"@id\":\"https:\/\/sloboda.at\/en\/#\/schema\/logo\/image\/\",\"url\":\"https:\/\/sloboda.at\/wp-content\/uploads\/2023\/12\/sloboda-logo-borlabs.png\",\"contentUrl\":\"https:\/\/sloboda.at\/wp-content\/uploads\/2023\/12\/sloboda-logo-borlabs.png\",\"width\":761,\"height\":111,\"caption\":\"Weingut Fabian Sloboda\"},\"image\":{\"@id\":\"https:\/\/sloboda.at\/en\/#\/schema\/logo\/image\/\"},\"sameAs\":[\"https:\/\/www.facebook.com\/p\/Heuriger-Fabian-100063709475802\/?locale=de_DE\"]}]}<\/script>\n<!-- \/ Yoast SEO plugin. -->","yoast_head_json":{"title":"Kennenlern-Paket6 x 0.75L - Weingut Fabian Sloboda","robots":{"index":"index","follow":"follow","max-snippet":"max-snippet:-1","max-image-preview":"max-image-preview:large","max-video-preview":"max-video-preview:-1"},"canonical":"https:\/\/sloboda.at\/en\/produkt\/6er-kennenlern-paket\/","og_locale":"en_US","og_type":"article","og_title":"Kennenlern-Paket6 x 0.75L - Weingut Fabian Sloboda","og_description":"Wir kennen uns noch nicht? Gestatten: Fabian! 6 Weine, quer durch unsere Weing\u00e4rten. Einer davon im See gelagert (Wellent\u00e4nzer 19).  Daher mein Kennenlern-Angebot:  6er PAKET \"Ein Gria\u00dfdi vom Fabian\"   Wellent\u00e4nzer 2019  Blauer Zweigelt Ried Georgskirchen 2023  Frizzante Wei\u00df  Ros\u00e9 Blauer Zweigelt 2024  Welschriesling 2024  Wei\u00dfburgunder 2024  &nbsp;  Regul\u00e4r: \u20ac73 Aktionspreis: \u20ac58,40 inkl. Versand  Inklusive Versand. Solange der limitierte Vorrat reicht Der Wellent\u00e4nzer 19 ist bald ausverkauft!","og_url":"https:\/\/sloboda.at\/en\/produkt\/6er-kennenlern-paket\/","og_site_name":"Weingut Fabian Sloboda","article_publisher":"https:\/\/www.facebook.com\/p\/Heuriger-Fabian-100063709475802\/?locale=de_DE","article_modified_time":"2025-11-20T10:31:06+00:00","og_image":[{"width":300,"height":525,"url":"https:\/\/sloboda.at\/wp-content\/uploads\/2025\/11\/Sloboda-6er-Paket-Griassdi.jpg","type":"image\/jpeg"}],"twitter_card":"summary_large_image","twitter_misc":{"Est. reading time":"1 minute"},"schema":{"@context":"https:\/\/schema.org","@graph":[{"@type":"WebPage","@id":"https:\/\/sloboda.at\/en\/produkt\/6er-kennenlern-paket\/","url":"https:\/\/sloboda.at\/en\/produkt\/6er-kennenlern-paket\/","name":"Kennenlern-Paket 6 x 0.75L - Weingut Fabian Sloboda","isPartOf":{"@id":"https:\/\/sloboda.at\/en\/#website"},"primaryImageOfPage":{"@id":"https:\/\/sloboda.at\/en\/produkt\/6er-kennenlern-paket\/#primaryimage"},"image":{"@id":"https:\/\/sloboda.at\/en\/produkt\/6er-kennenlern-paket\/#primaryimage"},"thumbnailUrl":"https:\/\/sloboda.at\/wp-content\/uploads\/2025\/11\/Sloboda-6er-Paket-Griassdi.jpg","datePublished":"2025-11-20T09:17:15+00:00","dateModified":"2025-11-20T10:31:06+00:00","breadcrumb":{"@id":"https:\/\/sloboda.at\/en\/produkt\/6er-kennenlern-paket\/#breadcrumb"},"inLanguage":"en-US","potentialAction":[{"@type":"ReadAction","target":["https:\/\/sloboda.at\/en\/produkt\/6er-kennenlern-paket\/"]}]},{"@type":"ImageObject","inLanguage":"en-US","@id":"https:\/\/sloboda.at\/en\/produkt\/6er-kennenlern-paket\/#primaryimage","url":"https:\/\/sloboda.at\/wp-content\/uploads\/2025\/11\/Sloboda-6er-Paket-Griassdi.jpg","contentUrl":"https:\/\/sloboda.at\/wp-content\/uploads\/2025\/11\/Sloboda-6er-Paket-Griassdi.jpg","width":300,"height":525},{"@type":"BreadcrumbList","@id":"https:\/\/sloboda.at\/en\/produkt\/6er-kennenlern-paket\/#breadcrumb","itemListElement":[{"@type":"ListItem","position":1,"name":"Startseite","item":"https:\/\/sloboda.at\/en\/"},{"@type":"ListItem","position":2,"name":"Shop","item":"https:\/\/sloboda.at\/en\/shop\/"},{"@type":"ListItem","position":3,"name":"Kennenlern-Paket6 x 0.75L"}]},{"@type":"WebSite","@id":"https:\/\/sloboda.at\/en\/#website","url":"https:\/\/sloboda.at\/en\/","name":"Weingut Fabian Sloboda","description":"Fabian Sloboda","publisher":{"@id":"https:\/\/sloboda.at\/en\/#organization"},"potentialAction":[{"@type":"SearchAction","target":{"@type":"EntryPoint","urlTemplate":"https:\/\/sloboda.at\/en\/?s={search_term_string}"},"query-input":{"@type":"PropertyValueSpecification","valueRequired":true,"valueName":"search_term_string"}}],"inLanguage":"en-US"},{"@type":"Organization","@id":"https:\/\/sloboda.at\/en\/#organization","name":"Weingut Fabian Sloboda","url":"https:\/\/sloboda.at\/en\/","logo":{"@type":"ImageObject","inLanguage":"en-US","@id":"https:\/\/sloboda.at\/en\/#\/schema\/logo\/image\/","url":"https:\/\/sloboda.at\/wp-content\/uploads\/2023\/12\/sloboda-logo-borlabs.png","contentUrl":"https:\/\/sloboda.at\/wp-content\/uploads\/2023\/12\/sloboda-logo-borlabs.png","width":761,"height":111,"caption":"Weingut Fabian Sloboda"},"image":{"@id":"https:\/\/sloboda.at\/en\/#\/schema\/logo\/image\/"},"sameAs":["https:\/\/www.facebook.com\/p\/Heuriger-Fabian-100063709475802\/?locale=de_DE"]}]}},"_links":{"self":[{"href":"https:\/\/sloboda.at\/en\/wp-json\/wp\/v2\/product\/3388","targetHints":{"allow":["GET"]}}],"collection":[{"href":"https:\/\/sloboda.at\/en\/wp-json\/wp\/v2\/product"}],"about":[{"href":"https:\/\/sloboda.at\/en\/wp-json\/wp\/v2\/types\/product"}],"wp:featuredmedia":[{"embeddable":true,"href":"https:\/\/sloboda.at\/en\/wp-json\/wp\/v2\/media\/3390"}],"wp:attachment":[{"href":"https:\/\/sloboda.at\/en\/wp-json\/wp\/v2\/media?parent=3388"}],"wp:term":[{"taxonomy":"product_brand","embeddable":true,"href":"https:\/\/sloboda.at\/en\/wp-json\/wp\/v2\/product_brand?post=3388"},{"taxonomy":"product_cat","embeddable":true,"href":"https:\/\/sloboda.at\/en\/wp-json\/wp\/v2\/product_cat?post=3388"},{"taxonomy":"product_tag","embeddable":true,"href":"https:\/\/sloboda.at\/en\/wp-json\/wp\/v2\/product_tag?post=3388"}],"curies":[{"name":"wp","href":"https:\/\/api.w.org\/{rel}","templated":true}]}}