{"id":3222,"date":"2025-10-28T12:52:17","date_gmt":"2025-10-28T11:52:17","guid":{"rendered":"https:\/\/sloboda.at\/?post_type=product&#038;p=3222"},"modified":"2026-03-18T13:12:27","modified_gmt":"2026-03-18T12:12:27","slug":"jungwein","status":"publish","type":"product","link":"https:\/\/sloboda.at\/en\/produkt\/jungwein\/","title":{"rendered":"Jungwein St. Martin &#8211; Martiniwein"},"content":{"rendered":"<h2>Der burgenl\u00e4ndische Martiniwein aus Podersdorf am See<\/h2>\n<p>Der heilige Martin. Urvater der Empathie, Landespatron der Burgenl\u00e4nder. Gute Gastgeber machen es ihm nach und teilen ihre Sch\u00e4tze: Martin wurde zum Reality-Star, als er seinen Mantel mit dem Schwert teilte, um ihn mit einem frierenden Bettler zu teilen. Sp\u00e4ter versteckte sich der Menschenfreund vor der Bischofsernennung in einem Stall, wurde aber von einer G\u00e4nseschar durch ihr lautes Geschrei verraten. B\u00f6se Zungen behaupten daher, die traditionelle Martinigans sei die Abrechnung daf\u00fcr. Wir behaupten: <strong>Gute Taten muss man feiern, gerne auch mit diesem Wein.<\/strong><\/p>\n","protected":false},"excerpt":{"rendered":"<p>Qualit\u00e4tswein trocken<\/p>\n<h1>Martiniwein (Welschriesling) aus dem Burgenland<\/h1>\n<p><strong>Jahrgang:<\/strong> 2025<br \/>\n<strong>Alkohol:<\/strong> 11,5 % vol.<br \/>\n<strong>S\u00e4ure:<\/strong> 5,9 g<br \/>\n<strong>Zuckerrest:<\/strong> 1 g<\/p>\n<p>Leuchtendes, zarthelles Gr\u00fcngelb, animierender Duft nach gr\u00fcnen \u00c4pfeln (Granny Smith), fein balancierte S\u00e4ure. Jugendlich, frisch und fr\u00f6hlich \ud83d\ude09<\/p>\n<p><strong>Speiseempfehlung:<\/strong> Ein Allrounder: passt zu allem, was Spa\u00df macht &#8211; von leichten Speisen und Salaten bis hin zu Deftigerem \u2013 nat\u00fcrlich auch zum <strong>traditionellen Martinigansl<\/strong>.<\/p>\n<p><strong>Trinktemperatur:<\/strong> k\u00fchlschrankkalt<\/p>\n","protected":false},"featured_media":3223,"template":"","meta":{"_acf_changed":false,"ocean_post_layout":"","ocean_both_sidebars_style":"","ocean_both_sidebars_content_width":0,"ocean_both_sidebars_sidebars_width":0,"ocean_sidebar":"","ocean_second_sidebar":"","ocean_disable_margins":"enable","ocean_add_body_class":"","ocean_shortcode_before_top_bar":"","ocean_shortcode_after_top_bar":"","ocean_shortcode_before_header":"","ocean_shortcode_after_header":"","ocean_has_shortcode":"","ocean_shortcode_after_title":"","ocean_shortcode_before_footer_widgets":"","ocean_shortcode_after_footer_widgets":"","ocean_shortcode_before_footer_bottom":"","ocean_shortcode_after_footer_bottom":"","ocean_display_top_bar":"default","ocean_display_header":"default","ocean_header_style":"","ocean_center_header_left_menu":"","ocean_custom_header_template":"","ocean_custom_logo":0,"ocean_custom_retina_logo":0,"ocean_custom_logo_max_width":0,"ocean_custom_logo_tablet_max_width":0,"ocean_custom_logo_mobile_max_width":0,"ocean_custom_logo_max_height":0,"ocean_custom_logo_tablet_max_height":0,"ocean_custom_logo_mobile_max_height":0,"ocean_header_custom_menu":"","ocean_menu_typo_font_family":"","ocean_menu_typo_font_subset":"","ocean_menu_typo_font_size":0,"ocean_menu_typo_font_size_tablet":0,"ocean_menu_typo_font_size_mobile":0,"ocean_menu_typo_font_size_unit":"px","ocean_menu_typo_font_weight":"","ocean_menu_typo_font_weight_tablet":"","ocean_menu_typo_font_weight_mobile":"","ocean_menu_typo_transform":"","ocean_menu_typo_transform_tablet":"","ocean_menu_typo_transform_mobile":"","ocean_menu_typo_line_height":0,"ocean_menu_typo_line_height_tablet":0,"ocean_menu_typo_line_height_mobile":0,"ocean_menu_typo_line_height_unit":"","ocean_menu_typo_spacing":0,"ocean_menu_typo_spacing_tablet":0,"ocean_menu_typo_spacing_mobile":0,"ocean_menu_typo_spacing_unit":"","ocean_menu_link_color":"","ocean_menu_link_color_hover":"","ocean_menu_link_color_active":"","ocean_menu_link_background":"","ocean_menu_link_hover_background":"","ocean_menu_link_active_background":"","ocean_menu_social_links_bg":"","ocean_menu_social_hover_links_bg":"","ocean_menu_social_links_color":"","ocean_menu_social_hover_links_color":"","ocean_disable_title":"default","ocean_disable_heading":"default","ocean_post_title":"","ocean_post_subheading":"","ocean_post_title_style":"","ocean_post_title_background_color":"","ocean_post_title_background":0,"ocean_post_title_bg_image_position":"","ocean_post_title_bg_image_attachment":"","ocean_post_title_bg_image_repeat":"","ocean_post_title_bg_image_size":"","ocean_post_title_height":0,"ocean_post_title_bg_overlay":0.5,"ocean_post_title_bg_overlay_color":"","ocean_disable_breadcrumbs":"default","ocean_breadcrumbs_color":"","ocean_breadcrumbs_separator_color":"","ocean_breadcrumbs_links_color":"","ocean_breadcrumbs_links_hover_color":"","ocean_display_footer_widgets":"default","ocean_display_footer_bottom":"default","ocean_custom_footer_template":""},"product_brand":[],"product_cat":[28,19],"product_tag":[],"class_list":{"0":"post-3222","1":"product","2":"type-product","3":"status-publish","4":"has-post-thumbnail","6":"product_cat-specials","7":"product_cat-weissweine","9":"entry","10":"has-media","12":"first","13":"instock","14":"sale","15":"taxable","16":"shipping-taxable","17":"purchasable","18":"product-type-simple","19":"col","20":"span_1_of_4","21":"owp-content-center","22":"owp-thumbs-layout-horizontal","23":"owp-btn-big","24":"owp-tabs-layout-horizontal","25":"has-no-thumbnails"},"acf":[],"yoast_head":"<!-- This site is optimized with the Yoast SEO plugin v27.2 - https:\/\/yoast.com\/product\/yoast-seo-wordpress\/ -->\n<title>Jungwein St. Martin - Martiniwein - Weingut Fabian Sloboda<\/title>\n<meta name=\"robots\" content=\"index, follow, max-snippet:-1, max-image-preview:large, max-video-preview:-1\" \/>\n<link rel=\"canonical\" href=\"https:\/\/sloboda.at\/en\/produkt\/jungwein\/\" \/>\n<meta property=\"og:locale\" content=\"en_US\" \/>\n<meta property=\"og:type\" content=\"article\" \/>\n<meta property=\"og:title\" content=\"Jungwein St. Martin - Martiniwein - Weingut Fabian Sloboda\" \/>\n<meta property=\"og:description\" content=\"Qualit\u00e4tswein trocken Martiniwein (Welschriesling) aus dem Burgenland Jahrgang: 2025 Alkohol: 11,5 % vol. S\u00e4ure: 5,9 g Zuckerrest: 1 g  Leuchtendes, zarthelles Gr\u00fcngelb, animierender Duft nach gr\u00fcnen \u00c4pfeln (Granny Smith), fein balancierte S\u00e4ure. Jugendlich, frisch und fr\u00f6hlich ;-)  Speiseempfehlung: Ein Allrounder: passt zu allem, was Spa\u00df macht - von leichten Speisen und Salaten bis hin zu Deftigerem \u2013 nat\u00fcrlich auch zum traditionellen Martinigansl.  Trinktemperatur: k\u00fchlschrankkalt\" \/>\n<meta property=\"og:url\" content=\"https:\/\/sloboda.at\/en\/produkt\/jungwein\/\" \/>\n<meta property=\"og:site_name\" content=\"Weingut Fabian Sloboda\" \/>\n<meta property=\"article:publisher\" content=\"https:\/\/www.facebook.com\/p\/Heuriger-Fabian-100063709475802\/?locale=de_DE\" \/>\n<meta property=\"article:modified_time\" content=\"2026-03-18T12:12:27+00:00\" \/>\n<meta property=\"og:image\" content=\"https:\/\/sloboda.at\/wp-content\/uploads\/2025\/10\/Sloboda-Jungwein-St.-Martinus.jpg\" \/>\n\t<meta property=\"og:image:width\" content=\"300\" \/>\n\t<meta property=\"og:image:height\" content=\"525\" \/>\n\t<meta property=\"og:image:type\" content=\"image\/jpeg\" \/>\n<meta name=\"twitter:card\" content=\"summary_large_image\" \/>\n<meta name=\"twitter:label1\" content=\"Est. reading time\" \/>\n\t<meta name=\"twitter:data1\" content=\"1 minute\" \/>\n<script type=\"application\/ld+json\" class=\"yoast-schema-graph\">{\"@context\":\"https:\/\/schema.org\",\"@graph\":[{\"@type\":\"WebPage\",\"@id\":\"https:\/\/sloboda.at\/en\/produkt\/jungwein\/\",\"url\":\"https:\/\/sloboda.at\/en\/produkt\/jungwein\/\",\"name\":\"Jungwein St. Martin - Martiniwein - Weingut Fabian Sloboda\",\"isPartOf\":{\"@id\":\"https:\/\/sloboda.at\/en\/#website\"},\"primaryImageOfPage\":{\"@id\":\"https:\/\/sloboda.at\/en\/produkt\/jungwein\/#primaryimage\"},\"image\":{\"@id\":\"https:\/\/sloboda.at\/en\/produkt\/jungwein\/#primaryimage\"},\"thumbnailUrl\":\"https:\/\/sloboda.at\/wp-content\/uploads\/2025\/10\/Sloboda-Jungwein-St.-Martinus.jpg\",\"datePublished\":\"2025-10-28T11:52:17+00:00\",\"dateModified\":\"2026-03-18T12:12:27+00:00\",\"breadcrumb\":{\"@id\":\"https:\/\/sloboda.at\/en\/produkt\/jungwein\/#breadcrumb\"},\"inLanguage\":\"en-US\",\"potentialAction\":[{\"@type\":\"ReadAction\",\"target\":[\"https:\/\/sloboda.at\/en\/produkt\/jungwein\/\"]}]},{\"@type\":\"ImageObject\",\"inLanguage\":\"en-US\",\"@id\":\"https:\/\/sloboda.at\/en\/produkt\/jungwein\/#primaryimage\",\"url\":\"https:\/\/sloboda.at\/wp-content\/uploads\/2025\/10\/Sloboda-Jungwein-St.-Martinus.jpg\",\"contentUrl\":\"https:\/\/sloboda.at\/wp-content\/uploads\/2025\/10\/Sloboda-Jungwein-St.-Martinus.jpg\",\"width\":300,\"height\":525},{\"@type\":\"BreadcrumbList\",\"@id\":\"https:\/\/sloboda.at\/en\/produkt\/jungwein\/#breadcrumb\",\"itemListElement\":[{\"@type\":\"ListItem\",\"position\":1,\"name\":\"Startseite\",\"item\":\"https:\/\/sloboda.at\/en\/\"},{\"@type\":\"ListItem\",\"position\":2,\"name\":\"Shop\",\"item\":\"https:\/\/sloboda.at\/en\/shop\/\"},{\"@type\":\"ListItem\",\"position\":3,\"name\":\"Jungwein St. Martin &#8211; Martiniwein\"}]},{\"@type\":\"WebSite\",\"@id\":\"https:\/\/sloboda.at\/en\/#website\",\"url\":\"https:\/\/sloboda.at\/en\/\",\"name\":\"Weingut Fabian Sloboda\",\"description\":\"Fabian Sloboda\",\"publisher\":{\"@id\":\"https:\/\/sloboda.at\/en\/#organization\"},\"potentialAction\":[{\"@type\":\"SearchAction\",\"target\":{\"@type\":\"EntryPoint\",\"urlTemplate\":\"https:\/\/sloboda.at\/en\/?s={search_term_string}\"},\"query-input\":{\"@type\":\"PropertyValueSpecification\",\"valueRequired\":true,\"valueName\":\"search_term_string\"}}],\"inLanguage\":\"en-US\"},{\"@type\":\"Organization\",\"@id\":\"https:\/\/sloboda.at\/en\/#organization\",\"name\":\"Weingut Fabian Sloboda\",\"url\":\"https:\/\/sloboda.at\/en\/\",\"logo\":{\"@type\":\"ImageObject\",\"inLanguage\":\"en-US\",\"@id\":\"https:\/\/sloboda.at\/en\/#\/schema\/logo\/image\/\",\"url\":\"https:\/\/sloboda.at\/wp-content\/uploads\/2023\/12\/sloboda-logo-borlabs.png\",\"contentUrl\":\"https:\/\/sloboda.at\/wp-content\/uploads\/2023\/12\/sloboda-logo-borlabs.png\",\"width\":761,\"height\":111,\"caption\":\"Weingut Fabian Sloboda\"},\"image\":{\"@id\":\"https:\/\/sloboda.at\/en\/#\/schema\/logo\/image\/\"},\"sameAs\":[\"https:\/\/www.facebook.com\/p\/Heuriger-Fabian-100063709475802\/?locale=de_DE\"]}]}<\/script>\n<!-- \/ Yoast SEO plugin. -->","yoast_head_json":{"title":"Jungwein St. Martin - Martiniwein - Weingut Fabian Sloboda","robots":{"index":"index","follow":"follow","max-snippet":"max-snippet:-1","max-image-preview":"max-image-preview:large","max-video-preview":"max-video-preview:-1"},"canonical":"https:\/\/sloboda.at\/en\/produkt\/jungwein\/","og_locale":"en_US","og_type":"article","og_title":"Jungwein St. Martin - Martiniwein - Weingut Fabian Sloboda","og_description":"Qualit\u00e4tswein trocken Martiniwein (Welschriesling) aus dem Burgenland Jahrgang: 2025 Alkohol: 11,5 % vol. S\u00e4ure: 5,9 g Zuckerrest: 1 g  Leuchtendes, zarthelles Gr\u00fcngelb, animierender Duft nach gr\u00fcnen \u00c4pfeln (Granny Smith), fein balancierte S\u00e4ure. Jugendlich, frisch und fr\u00f6hlich ;-)  Speiseempfehlung: Ein Allrounder: passt zu allem, was Spa\u00df macht - von leichten Speisen und Salaten bis hin zu Deftigerem \u2013 nat\u00fcrlich auch zum traditionellen Martinigansl.  Trinktemperatur: k\u00fchlschrankkalt","og_url":"https:\/\/sloboda.at\/en\/produkt\/jungwein\/","og_site_name":"Weingut Fabian Sloboda","article_publisher":"https:\/\/www.facebook.com\/p\/Heuriger-Fabian-100063709475802\/?locale=de_DE","article_modified_time":"2026-03-18T12:12:27+00:00","og_image":[{"width":300,"height":525,"url":"https:\/\/sloboda.at\/wp-content\/uploads\/2025\/10\/Sloboda-Jungwein-St.-Martinus.jpg","type":"image\/jpeg"}],"twitter_card":"summary_large_image","twitter_misc":{"Est. reading time":"1 minute"},"schema":{"@context":"https:\/\/schema.org","@graph":[{"@type":"WebPage","@id":"https:\/\/sloboda.at\/en\/produkt\/jungwein\/","url":"https:\/\/sloboda.at\/en\/produkt\/jungwein\/","name":"Jungwein St. Martin - Martiniwein - Weingut Fabian Sloboda","isPartOf":{"@id":"https:\/\/sloboda.at\/en\/#website"},"primaryImageOfPage":{"@id":"https:\/\/sloboda.at\/en\/produkt\/jungwein\/#primaryimage"},"image":{"@id":"https:\/\/sloboda.at\/en\/produkt\/jungwein\/#primaryimage"},"thumbnailUrl":"https:\/\/sloboda.at\/wp-content\/uploads\/2025\/10\/Sloboda-Jungwein-St.-Martinus.jpg","datePublished":"2025-10-28T11:52:17+00:00","dateModified":"2026-03-18T12:12:27+00:00","breadcrumb":{"@id":"https:\/\/sloboda.at\/en\/produkt\/jungwein\/#breadcrumb"},"inLanguage":"en-US","potentialAction":[{"@type":"ReadAction","target":["https:\/\/sloboda.at\/en\/produkt\/jungwein\/"]}]},{"@type":"ImageObject","inLanguage":"en-US","@id":"https:\/\/sloboda.at\/en\/produkt\/jungwein\/#primaryimage","url":"https:\/\/sloboda.at\/wp-content\/uploads\/2025\/10\/Sloboda-Jungwein-St.-Martinus.jpg","contentUrl":"https:\/\/sloboda.at\/wp-content\/uploads\/2025\/10\/Sloboda-Jungwein-St.-Martinus.jpg","width":300,"height":525},{"@type":"BreadcrumbList","@id":"https:\/\/sloboda.at\/en\/produkt\/jungwein\/#breadcrumb","itemListElement":[{"@type":"ListItem","position":1,"name":"Startseite","item":"https:\/\/sloboda.at\/en\/"},{"@type":"ListItem","position":2,"name":"Shop","item":"https:\/\/sloboda.at\/en\/shop\/"},{"@type":"ListItem","position":3,"name":"Jungwein St. Martin &#8211; Martiniwein"}]},{"@type":"WebSite","@id":"https:\/\/sloboda.at\/en\/#website","url":"https:\/\/sloboda.at\/en\/","name":"Weingut Fabian Sloboda","description":"Fabian Sloboda","publisher":{"@id":"https:\/\/sloboda.at\/en\/#organization"},"potentialAction":[{"@type":"SearchAction","target":{"@type":"EntryPoint","urlTemplate":"https:\/\/sloboda.at\/en\/?s={search_term_string}"},"query-input":{"@type":"PropertyValueSpecification","valueRequired":true,"valueName":"search_term_string"}}],"inLanguage":"en-US"},{"@type":"Organization","@id":"https:\/\/sloboda.at\/en\/#organization","name":"Weingut Fabian Sloboda","url":"https:\/\/sloboda.at\/en\/","logo":{"@type":"ImageObject","inLanguage":"en-US","@id":"https:\/\/sloboda.at\/en\/#\/schema\/logo\/image\/","url":"https:\/\/sloboda.at\/wp-content\/uploads\/2023\/12\/sloboda-logo-borlabs.png","contentUrl":"https:\/\/sloboda.at\/wp-content\/uploads\/2023\/12\/sloboda-logo-borlabs.png","width":761,"height":111,"caption":"Weingut Fabian Sloboda"},"image":{"@id":"https:\/\/sloboda.at\/en\/#\/schema\/logo\/image\/"},"sameAs":["https:\/\/www.facebook.com\/p\/Heuriger-Fabian-100063709475802\/?locale=de_DE"]}]}},"_links":{"self":[{"href":"https:\/\/sloboda.at\/en\/wp-json\/wp\/v2\/product\/3222","targetHints":{"allow":["GET"]}}],"collection":[{"href":"https:\/\/sloboda.at\/en\/wp-json\/wp\/v2\/product"}],"about":[{"href":"https:\/\/sloboda.at\/en\/wp-json\/wp\/v2\/types\/product"}],"wp:featuredmedia":[{"embeddable":true,"href":"https:\/\/sloboda.at\/en\/wp-json\/wp\/v2\/media\/3223"}],"wp:attachment":[{"href":"https:\/\/sloboda.at\/en\/wp-json\/wp\/v2\/media?parent=3222"}],"wp:term":[{"taxonomy":"product_brand","embeddable":true,"href":"https:\/\/sloboda.at\/en\/wp-json\/wp\/v2\/product_brand?post=3222"},{"taxonomy":"product_cat","embeddable":true,"href":"https:\/\/sloboda.at\/en\/wp-json\/wp\/v2\/product_cat?post=3222"},{"taxonomy":"product_tag","embeddable":true,"href":"https:\/\/sloboda.at\/en\/wp-json\/wp\/v2\/product_tag?post=3222"}],"curies":[{"name":"wp","href":"https:\/\/api.w.org\/{rel}","templated":true}]}}