{"id":2224,"date":"2024-11-07T10:41:15","date_gmt":"2024-11-07T09:41:15","guid":{"rendered":"https:\/\/sloboda.at\/?post_type=product&#038;p=2224"},"modified":"2026-03-02T10:54:28","modified_gmt":"2026-03-02T09:54:28","slug":"gruener-veltliner","status":"publish","type":"product","link":"https:\/\/sloboda.at\/en\/produkt\/gruener-veltliner\/","title":{"rendered":"Gr\u00fcner Veltliner<br>2025"},"content":{"rendered":"","protected":false},"excerpt":{"rendered":"<p>Qualit\u00e4tswein trocken<\/p>\n<p>Jahrgang: 2025<br \/>\nAlkohol: 12 % vol.<br \/>\nS\u00e4ure: 5,2 g<br \/>\nZuckerrest: 1 g<\/p>\n<p>Leuchtendes gr\u00fcngelb, Birnen und Nektarinen in der Nase, sehr frisch und fruchtiger Duft, ein breit gef\u00e4cherter Obstkorb am Gaumen, leichte Ankl\u00e4nge von S\u00fcdfr\u00fcchte, gr\u00fcne Mango und Grapefruit. Sch\u00f6ne L\u00e4nge im Abgang, leicht austrocknendes Tannin, welches sehr trinkanimierend wirkt und man sofort einen weiteren Schluck machen m\u00f6chte!<\/p>\n<p>Trinktemperatur: 4\u00b0C (K\u00fchlschrank)<\/p>\n<p>Fazit: Ein sch\u00f6ner Sortenvertreter, toller Trinkwein, passt aber auch gut zu feinen Essen, guter Pasta oder einfach vorm Fernseher zu Hause! Ein aussichtsreicher Vorgeschmack auf den Weinjahrgang 2025!<\/p>\n","protected":false},"featured_media":2677,"template":"","meta":{"_acf_changed":false,"ocean_post_layout":"","ocean_both_sidebars_style":"","ocean_both_sidebars_content_width":0,"ocean_both_sidebars_sidebars_width":0,"ocean_sidebar":"","ocean_second_sidebar":"","ocean_disable_margins":"enable","ocean_add_body_class":"","ocean_shortcode_before_top_bar":"","ocean_shortcode_after_top_bar":"","ocean_shortcode_before_header":"","ocean_shortcode_after_header":"","ocean_has_shortcode":"","ocean_shortcode_after_title":"","ocean_shortcode_before_footer_widgets":"","ocean_shortcode_after_footer_widgets":"","ocean_shortcode_before_footer_bottom":"","ocean_shortcode_after_footer_bottom":"","ocean_display_top_bar":"default","ocean_display_header":"default","ocean_header_style":"","ocean_center_header_left_menu":"","ocean_custom_header_template":"","ocean_custom_logo":0,"ocean_custom_retina_logo":0,"ocean_custom_logo_max_width":0,"ocean_custom_logo_tablet_max_width":0,"ocean_custom_logo_mobile_max_width":0,"ocean_custom_logo_max_height":0,"ocean_custom_logo_tablet_max_height":0,"ocean_custom_logo_mobile_max_height":0,"ocean_header_custom_menu":"","ocean_menu_typo_font_family":"","ocean_menu_typo_font_subset":"","ocean_menu_typo_font_size":0,"ocean_menu_typo_font_size_tablet":0,"ocean_menu_typo_font_size_mobile":0,"ocean_menu_typo_font_size_unit":"px","ocean_menu_typo_font_weight":"","ocean_menu_typo_font_weight_tablet":"","ocean_menu_typo_font_weight_mobile":"","ocean_menu_typo_transform":"","ocean_menu_typo_transform_tablet":"","ocean_menu_typo_transform_mobile":"","ocean_menu_typo_line_height":0,"ocean_menu_typo_line_height_tablet":0,"ocean_menu_typo_line_height_mobile":0,"ocean_menu_typo_line_height_unit":"","ocean_menu_typo_spacing":0,"ocean_menu_typo_spacing_tablet":0,"ocean_menu_typo_spacing_mobile":0,"ocean_menu_typo_spacing_unit":"","ocean_menu_link_color":"","ocean_menu_link_color_hover":"","ocean_menu_link_color_active":"","ocean_menu_link_background":"","ocean_menu_link_hover_background":"","ocean_menu_link_active_background":"","ocean_menu_social_links_bg":"","ocean_menu_social_hover_links_bg":"","ocean_menu_social_links_color":"","ocean_menu_social_hover_links_color":"","ocean_disable_title":"default","ocean_disable_heading":"default","ocean_post_title":"","ocean_post_subheading":"","ocean_post_title_style":"","ocean_post_title_background_color":"","ocean_post_title_background":0,"ocean_post_title_bg_image_position":"","ocean_post_title_bg_image_attachment":"","ocean_post_title_bg_image_repeat":"","ocean_post_title_bg_image_size":"","ocean_post_title_height":0,"ocean_post_title_bg_overlay":0.5,"ocean_post_title_bg_overlay_color":"","ocean_disable_breadcrumbs":"default","ocean_breadcrumbs_color":"","ocean_breadcrumbs_separator_color":"","ocean_breadcrumbs_links_color":"","ocean_breadcrumbs_links_hover_color":"","ocean_display_footer_widgets":"default","ocean_display_footer_bottom":"default","ocean_custom_footer_template":""},"product_brand":[],"product_cat":[19],"product_tag":[],"class_list":{"0":"post-2224","1":"product","2":"type-product","3":"status-publish","4":"has-post-thumbnail","6":"product_cat-weissweine","8":"entry","9":"has-media","11":"first","12":"instock","13":"taxable","14":"shipping-taxable","15":"purchasable","16":"product-type-simple","17":"col","18":"span_1_of_4","19":"owp-content-center","20":"owp-thumbs-layout-horizontal","21":"owp-btn-big","22":"owp-tabs-layout-horizontal","23":"has-no-thumbnails"},"acf":[],"yoast_head":"<!-- This site is optimized with the Yoast SEO plugin v27.2 - https:\/\/yoast.com\/product\/yoast-seo-wordpress\/ -->\n<title>Gr\u00fcner Veltliner2025 - Weingut Fabian Sloboda<\/title>\n<meta name=\"robots\" content=\"index, follow, max-snippet:-1, max-image-preview:large, max-video-preview:-1\" \/>\n<link rel=\"canonical\" href=\"https:\/\/sloboda.at\/en\/produkt\/gruener-veltliner\/\" \/>\n<meta property=\"og:locale\" content=\"en_US\" \/>\n<meta property=\"og:type\" content=\"article\" \/>\n<meta property=\"og:title\" content=\"Gr\u00fcner Veltliner2025 - Weingut Fabian Sloboda\" \/>\n<meta property=\"og:description\" content=\"Qualit\u00e4tswein trocken  Jahrgang: 2025 Alkohol: 12 % vol. S\u00e4ure: 5,2 g Zuckerrest: 1 g  Leuchtendes gr\u00fcngelb, Birnen und Nektarinen in der Nase, sehr frisch und fruchtiger Duft, ein breit gef\u00e4cherter Obstkorb am Gaumen, leichte Ankl\u00e4nge von S\u00fcdfr\u00fcchte, gr\u00fcne Mango und Grapefruit. Sch\u00f6ne L\u00e4nge im Abgang, leicht austrocknendes Tannin, welches sehr trinkanimierend wirkt und man sofort einen weiteren Schluck machen m\u00f6chte!  Trinktemperatur: 4\u00b0C (K\u00fchlschrank)  Fazit: Ein sch\u00f6ner Sortenvertreter, toller Trinkwein, passt aber auch gut zu feinen Essen, guter Pasta oder einfach vorm Fernseher zu Hause! Ein aussichtsreicher Vorgeschmack auf den Weinjahrgang 2025!\" \/>\n<meta property=\"og:url\" content=\"https:\/\/sloboda.at\/en\/produkt\/gruener-veltliner\/\" \/>\n<meta property=\"og:site_name\" content=\"Weingut Fabian Sloboda\" \/>\n<meta property=\"article:publisher\" content=\"https:\/\/www.facebook.com\/p\/Heuriger-Fabian-100063709475802\/?locale=de_DE\" \/>\n<meta property=\"article:modified_time\" content=\"2026-03-02T09:54:28+00:00\" \/>\n<meta property=\"og:image\" content=\"https:\/\/sloboda.at\/wp-content\/uploads\/2024\/11\/Sloboda-Gruener-Veltliner-Klassik.png\" \/>\n\t<meta property=\"og:image:width\" content=\"400\" \/>\n\t<meta property=\"og:image:height\" content=\"700\" \/>\n\t<meta property=\"og:image:type\" content=\"image\/png\" \/>\n<meta name=\"twitter:card\" content=\"summary_large_image\" \/>\n<meta name=\"twitter:label1\" content=\"Est. reading time\" \/>\n\t<meta name=\"twitter:data1\" content=\"1 minute\" \/>\n<script type=\"application\/ld+json\" class=\"yoast-schema-graph\">{\"@context\":\"https:\/\/schema.org\",\"@graph\":[{\"@type\":\"WebPage\",\"@id\":\"https:\/\/sloboda.at\/en\/produkt\/gruener-veltliner\/\",\"url\":\"https:\/\/sloboda.at\/en\/produkt\/gruener-veltliner\/\",\"name\":\"Gr\u00fcner Veltliner 2025 - Weingut Fabian Sloboda\",\"isPartOf\":{\"@id\":\"https:\/\/sloboda.at\/en\/#website\"},\"primaryImageOfPage\":{\"@id\":\"https:\/\/sloboda.at\/en\/produkt\/gruener-veltliner\/#primaryimage\"},\"image\":{\"@id\":\"https:\/\/sloboda.at\/en\/produkt\/gruener-veltliner\/#primaryimage\"},\"thumbnailUrl\":\"https:\/\/sloboda.at\/wp-content\/uploads\/2024\/11\/Sloboda-Gruener-Veltliner-Klassik.png\",\"datePublished\":\"2024-11-07T09:41:15+00:00\",\"dateModified\":\"2026-03-02T09:54:28+00:00\",\"breadcrumb\":{\"@id\":\"https:\/\/sloboda.at\/en\/produkt\/gruener-veltliner\/#breadcrumb\"},\"inLanguage\":\"en-US\",\"potentialAction\":[{\"@type\":\"ReadAction\",\"target\":[\"https:\/\/sloboda.at\/en\/produkt\/gruener-veltliner\/\"]}]},{\"@type\":\"ImageObject\",\"inLanguage\":\"en-US\",\"@id\":\"https:\/\/sloboda.at\/en\/produkt\/gruener-veltliner\/#primaryimage\",\"url\":\"https:\/\/sloboda.at\/wp-content\/uploads\/2024\/11\/Sloboda-Gruener-Veltliner-Klassik.png\",\"contentUrl\":\"https:\/\/sloboda.at\/wp-content\/uploads\/2024\/11\/Sloboda-Gruener-Veltliner-Klassik.png\",\"width\":400,\"height\":700},{\"@type\":\"BreadcrumbList\",\"@id\":\"https:\/\/sloboda.at\/en\/produkt\/gruener-veltliner\/#breadcrumb\",\"itemListElement\":[{\"@type\":\"ListItem\",\"position\":1,\"name\":\"Startseite\",\"item\":\"https:\/\/sloboda.at\/en\/\"},{\"@type\":\"ListItem\",\"position\":2,\"name\":\"Shop\",\"item\":\"https:\/\/sloboda.at\/en\/shop\/\"},{\"@type\":\"ListItem\",\"position\":3,\"name\":\"Gr\u00fcner Veltliner2025\"}]},{\"@type\":\"WebSite\",\"@id\":\"https:\/\/sloboda.at\/en\/#website\",\"url\":\"https:\/\/sloboda.at\/en\/\",\"name\":\"Weingut Fabian Sloboda\",\"description\":\"Fabian Sloboda\",\"publisher\":{\"@id\":\"https:\/\/sloboda.at\/en\/#organization\"},\"potentialAction\":[{\"@type\":\"SearchAction\",\"target\":{\"@type\":\"EntryPoint\",\"urlTemplate\":\"https:\/\/sloboda.at\/en\/?s={search_term_string}\"},\"query-input\":{\"@type\":\"PropertyValueSpecification\",\"valueRequired\":true,\"valueName\":\"search_term_string\"}}],\"inLanguage\":\"en-US\"},{\"@type\":\"Organization\",\"@id\":\"https:\/\/sloboda.at\/en\/#organization\",\"name\":\"Weingut Fabian Sloboda\",\"url\":\"https:\/\/sloboda.at\/en\/\",\"logo\":{\"@type\":\"ImageObject\",\"inLanguage\":\"en-US\",\"@id\":\"https:\/\/sloboda.at\/en\/#\/schema\/logo\/image\/\",\"url\":\"https:\/\/sloboda.at\/wp-content\/uploads\/2023\/12\/sloboda-logo-borlabs.png\",\"contentUrl\":\"https:\/\/sloboda.at\/wp-content\/uploads\/2023\/12\/sloboda-logo-borlabs.png\",\"width\":761,\"height\":111,\"caption\":\"Weingut Fabian Sloboda\"},\"image\":{\"@id\":\"https:\/\/sloboda.at\/en\/#\/schema\/logo\/image\/\"},\"sameAs\":[\"https:\/\/www.facebook.com\/p\/Heuriger-Fabian-100063709475802\/?locale=de_DE\"]}]}<\/script>\n<!-- \/ Yoast SEO plugin. -->","yoast_head_json":{"title":"Gr\u00fcner Veltliner2025 - Weingut Fabian Sloboda","robots":{"index":"index","follow":"follow","max-snippet":"max-snippet:-1","max-image-preview":"max-image-preview:large","max-video-preview":"max-video-preview:-1"},"canonical":"https:\/\/sloboda.at\/en\/produkt\/gruener-veltliner\/","og_locale":"en_US","og_type":"article","og_title":"Gr\u00fcner Veltliner2025 - Weingut Fabian Sloboda","og_description":"Qualit\u00e4tswein trocken  Jahrgang: 2025 Alkohol: 12 % vol. S\u00e4ure: 5,2 g Zuckerrest: 1 g  Leuchtendes gr\u00fcngelb, Birnen und Nektarinen in der Nase, sehr frisch und fruchtiger Duft, ein breit gef\u00e4cherter Obstkorb am Gaumen, leichte Ankl\u00e4nge von S\u00fcdfr\u00fcchte, gr\u00fcne Mango und Grapefruit. Sch\u00f6ne L\u00e4nge im Abgang, leicht austrocknendes Tannin, welches sehr trinkanimierend wirkt und man sofort einen weiteren Schluck machen m\u00f6chte!  Trinktemperatur: 4\u00b0C (K\u00fchlschrank)  Fazit: Ein sch\u00f6ner Sortenvertreter, toller Trinkwein, passt aber auch gut zu feinen Essen, guter Pasta oder einfach vorm Fernseher zu Hause! Ein aussichtsreicher Vorgeschmack auf den Weinjahrgang 2025!","og_url":"https:\/\/sloboda.at\/en\/produkt\/gruener-veltliner\/","og_site_name":"Weingut Fabian Sloboda","article_publisher":"https:\/\/www.facebook.com\/p\/Heuriger-Fabian-100063709475802\/?locale=de_DE","article_modified_time":"2026-03-02T09:54:28+00:00","og_image":[{"width":400,"height":700,"url":"https:\/\/sloboda.at\/wp-content\/uploads\/2024\/11\/Sloboda-Gruener-Veltliner-Klassik.png","type":"image\/png"}],"twitter_card":"summary_large_image","twitter_misc":{"Est. reading time":"1 minute"},"schema":{"@context":"https:\/\/schema.org","@graph":[{"@type":"WebPage","@id":"https:\/\/sloboda.at\/en\/produkt\/gruener-veltliner\/","url":"https:\/\/sloboda.at\/en\/produkt\/gruener-veltliner\/","name":"Gr\u00fcner Veltliner 2025 - Weingut Fabian Sloboda","isPartOf":{"@id":"https:\/\/sloboda.at\/en\/#website"},"primaryImageOfPage":{"@id":"https:\/\/sloboda.at\/en\/produkt\/gruener-veltliner\/#primaryimage"},"image":{"@id":"https:\/\/sloboda.at\/en\/produkt\/gruener-veltliner\/#primaryimage"},"thumbnailUrl":"https:\/\/sloboda.at\/wp-content\/uploads\/2024\/11\/Sloboda-Gruener-Veltliner-Klassik.png","datePublished":"2024-11-07T09:41:15+00:00","dateModified":"2026-03-02T09:54:28+00:00","breadcrumb":{"@id":"https:\/\/sloboda.at\/en\/produkt\/gruener-veltliner\/#breadcrumb"},"inLanguage":"en-US","potentialAction":[{"@type":"ReadAction","target":["https:\/\/sloboda.at\/en\/produkt\/gruener-veltliner\/"]}]},{"@type":"ImageObject","inLanguage":"en-US","@id":"https:\/\/sloboda.at\/en\/produkt\/gruener-veltliner\/#primaryimage","url":"https:\/\/sloboda.at\/wp-content\/uploads\/2024\/11\/Sloboda-Gruener-Veltliner-Klassik.png","contentUrl":"https:\/\/sloboda.at\/wp-content\/uploads\/2024\/11\/Sloboda-Gruener-Veltliner-Klassik.png","width":400,"height":700},{"@type":"BreadcrumbList","@id":"https:\/\/sloboda.at\/en\/produkt\/gruener-veltliner\/#breadcrumb","itemListElement":[{"@type":"ListItem","position":1,"name":"Startseite","item":"https:\/\/sloboda.at\/en\/"},{"@type":"ListItem","position":2,"name":"Shop","item":"https:\/\/sloboda.at\/en\/shop\/"},{"@type":"ListItem","position":3,"name":"Gr\u00fcner Veltliner2025"}]},{"@type":"WebSite","@id":"https:\/\/sloboda.at\/en\/#website","url":"https:\/\/sloboda.at\/en\/","name":"Weingut Fabian Sloboda","description":"Fabian Sloboda","publisher":{"@id":"https:\/\/sloboda.at\/en\/#organization"},"potentialAction":[{"@type":"SearchAction","target":{"@type":"EntryPoint","urlTemplate":"https:\/\/sloboda.at\/en\/?s={search_term_string}"},"query-input":{"@type":"PropertyValueSpecification","valueRequired":true,"valueName":"search_term_string"}}],"inLanguage":"en-US"},{"@type":"Organization","@id":"https:\/\/sloboda.at\/en\/#organization","name":"Weingut Fabian Sloboda","url":"https:\/\/sloboda.at\/en\/","logo":{"@type":"ImageObject","inLanguage":"en-US","@id":"https:\/\/sloboda.at\/en\/#\/schema\/logo\/image\/","url":"https:\/\/sloboda.at\/wp-content\/uploads\/2023\/12\/sloboda-logo-borlabs.png","contentUrl":"https:\/\/sloboda.at\/wp-content\/uploads\/2023\/12\/sloboda-logo-borlabs.png","width":761,"height":111,"caption":"Weingut Fabian Sloboda"},"image":{"@id":"https:\/\/sloboda.at\/en\/#\/schema\/logo\/image\/"},"sameAs":["https:\/\/www.facebook.com\/p\/Heuriger-Fabian-100063709475802\/?locale=de_DE"]}]}},"_links":{"self":[{"href":"https:\/\/sloboda.at\/en\/wp-json\/wp\/v2\/product\/2224","targetHints":{"allow":["GET"]}}],"collection":[{"href":"https:\/\/sloboda.at\/en\/wp-json\/wp\/v2\/product"}],"about":[{"href":"https:\/\/sloboda.at\/en\/wp-json\/wp\/v2\/types\/product"}],"wp:featuredmedia":[{"embeddable":true,"href":"https:\/\/sloboda.at\/en\/wp-json\/wp\/v2\/media\/2677"}],"wp:attachment":[{"href":"https:\/\/sloboda.at\/en\/wp-json\/wp\/v2\/media?parent=2224"}],"wp:term":[{"taxonomy":"product_brand","embeddable":true,"href":"https:\/\/sloboda.at\/en\/wp-json\/wp\/v2\/product_brand?post=2224"},{"taxonomy":"product_cat","embeddable":true,"href":"https:\/\/sloboda.at\/en\/wp-json\/wp\/v2\/product_cat?post=2224"},{"taxonomy":"product_tag","embeddable":true,"href":"https:\/\/sloboda.at\/en\/wp-json\/wp\/v2\/product_tag?post=2224"}],"curies":[{"name":"wp","href":"https:\/\/api.w.org\/{rel}","templated":true}]}}