{"id":1389,"date":"2023-11-10T11:25:38","date_gmt":"2023-11-10T10:25:38","guid":{"rendered":"https:\/\/sloboda.at\/stellplaetze\/"},"modified":"2026-01-07T16:04:38","modified_gmt":"2026-01-07T15:04:38","slug":"stellplaetze","status":"publish","type":"page","link":"https:\/\/sloboda.at\/en\/stellplaetze\/","title":{"rendered":"MOTORHOME SPOTS"},"content":{"rendered":"<div class=\"wpb-content-wrapper\"><p>[vc_row css_animation=&#8221;fadeInDown&#8221;][vc_column css=&#8221;.vc_custom_1699869207462{padding-right: 5% !important;padding-left: 5% !important;}&#8221;][vc_column_text]<\/p>\n<h2 style=\"text-align: center;\">PERFECT LOCATION<\/h2>\n<p>[\/vc_column_text][vc_column_text]Our motorhome spots are located directly at the winery, right next to the wine tavern, surrounded by vineyards with a perfect view of the legendary Podersdorf sunset: if your timing is right, you will find the colorful spectacle as intoxicating as our wines.[\/vc_column_text][vc_column_text css=&#8221;.vc_custom_1767798266220{border-radius: 3px !important;}&#8221; el_id=&#8221;stellplaetze-toplage-unten&#8221;]Maximum of three nights. Price\/Motorhome: \u20ac 21.00 plus a local tax of \u20ac 4.50 per person. Including electricity and water connection as well as gray and black water disposal. Only motorhomes with toilet facilities![\/vc_column_text][\/vc_column][\/vc_row]<\/p>\n<\/div>","protected":false},"excerpt":{"rendered":"<p>[vc_row css_animation=&#8221;fadeInDown&#8221;][vc_column css=&#8221;.vc_custom_1699869207462{padding-right: 5% !important;padding-left: 5% !important;}&#8221;][vc_column_text] PERFECT LOCATION [\/vc_column_text][vc_column_text]Our motorhome spots are located directly at the winery, right next to the wine tavern, surrounded by vineyards with a perfect view of the legendary Podersdorf sunset: if your timing is right, you will find the colorful spectacle as intoxicating as our wines.[\/vc_column_text][vc_column_text css=&#8221;.vc_custom_1767798266220{border-radius: 3px !important;}&#8221; [&hellip;]<\/p>\n","protected":false},"author":1,"featured_media":1318,"parent":0,"menu_order":0,"comment_status":"closed","ping_status":"closed","template":"","meta":{"_acf_changed":false,"ocean_post_layout":"","ocean_both_sidebars_style":"","ocean_both_sidebars_content_width":0,"ocean_both_sidebars_sidebars_width":0,"ocean_sidebar":"","ocean_second_sidebar":"","ocean_disable_margins":"enable","ocean_add_body_class":"","ocean_shortcode_before_top_bar":"","ocean_shortcode_after_top_bar":"","ocean_shortcode_before_header":"","ocean_shortcode_after_header":"","ocean_has_shortcode":"","ocean_shortcode_after_title":"","ocean_shortcode_before_footer_widgets":"","ocean_shortcode_after_footer_widgets":"","ocean_shortcode_before_footer_bottom":"","ocean_shortcode_after_footer_bottom":"","ocean_display_top_bar":"default","ocean_display_header":"default","ocean_header_style":"","ocean_center_header_left_menu":"","ocean_custom_header_template":"","ocean_custom_logo":0,"ocean_custom_retina_logo":0,"ocean_custom_logo_max_width":0,"ocean_custom_logo_tablet_max_width":0,"ocean_custom_logo_mobile_max_width":0,"ocean_custom_logo_max_height":0,"ocean_custom_logo_tablet_max_height":0,"ocean_custom_logo_mobile_max_height":0,"ocean_header_custom_menu":"","ocean_menu_typo_font_family":"","ocean_menu_typo_font_subset":"","ocean_menu_typo_font_size":0,"ocean_menu_typo_font_size_tablet":0,"ocean_menu_typo_font_size_mobile":0,"ocean_menu_typo_font_size_unit":"px","ocean_menu_typo_font_weight":"","ocean_menu_typo_font_weight_tablet":"","ocean_menu_typo_font_weight_mobile":"","ocean_menu_typo_transform":"","ocean_menu_typo_transform_tablet":"","ocean_menu_typo_transform_mobile":"","ocean_menu_typo_line_height":0,"ocean_menu_typo_line_height_tablet":0,"ocean_menu_typo_line_height_mobile":0,"ocean_menu_typo_line_height_unit":"","ocean_menu_typo_spacing":0,"ocean_menu_typo_spacing_tablet":0,"ocean_menu_typo_spacing_mobile":0,"ocean_menu_typo_spacing_unit":"","ocean_menu_link_color":"","ocean_menu_link_color_hover":"","ocean_menu_link_color_active":"","ocean_menu_link_background":"","ocean_menu_link_hover_background":"","ocean_menu_link_active_background":"","ocean_menu_social_links_bg":"","ocean_menu_social_hover_links_bg":"","ocean_menu_social_links_color":"","ocean_menu_social_hover_links_color":"","ocean_disable_title":"default","ocean_disable_heading":"default","ocean_post_title":"","ocean_post_subheading":"","ocean_post_title_style":"","ocean_post_title_background_color":"","ocean_post_title_background":0,"ocean_post_title_bg_image_position":"","ocean_post_title_bg_image_attachment":"","ocean_post_title_bg_image_repeat":"","ocean_post_title_bg_image_size":"","ocean_post_title_height":0,"ocean_post_title_bg_overlay":0.5,"ocean_post_title_bg_overlay_color":"","ocean_disable_breadcrumbs":"default","ocean_breadcrumbs_color":"","ocean_breadcrumbs_separator_color":"","ocean_breadcrumbs_links_color":"","ocean_breadcrumbs_links_hover_color":"","ocean_display_footer_widgets":"default","ocean_display_footer_bottom":"default","ocean_custom_footer_template":"","footnotes":""},"class_list":["post-1389","page","type-page","status-publish","has-post-thumbnail","hentry","entry","has-media","owp-thumbs-layout-horizontal","owp-btn-big","owp-tabs-layout-horizontal","has-no-thumbnails"],"acf":[],"yoast_head":"<!-- This site is optimized with the Yoast SEO plugin v27.2 - https:\/\/yoast.com\/product\/yoast-seo-wordpress\/ -->\n<title>MOTORHOME SPOTS - Weingut Fabian Sloboda<\/title>\n<meta name=\"description\" content=\"Die Stellpl\u00e4tze befinden sich direkt am Weingut, umgeben von Weing\u00e4rten und mit Blick auf den legend\u00e4ren Podersdorfer Sonnenuntergang.\" \/>\n<meta name=\"robots\" content=\"index, follow, max-snippet:-1, max-image-preview:large, max-video-preview:-1\" \/>\n<link rel=\"canonical\" href=\"https:\/\/sloboda.at\/en\/stellplaetze\/\" \/>\n<meta property=\"og:locale\" content=\"en_US\" \/>\n<meta property=\"og:type\" content=\"article\" \/>\n<meta property=\"og:title\" content=\"MOTORHOME SPOTS - Weingut Fabian Sloboda\" \/>\n<meta property=\"og:description\" content=\"Die Stellpl\u00e4tze befinden sich direkt am Weingut, umgeben von Weing\u00e4rten und mit Blick auf den legend\u00e4ren Podersdorfer Sonnenuntergang.\" \/>\n<meta property=\"og:url\" content=\"https:\/\/sloboda.at\/en\/stellplaetze\/\" \/>\n<meta property=\"og:site_name\" content=\"Weingut Fabian Sloboda\" \/>\n<meta property=\"article:publisher\" content=\"https:\/\/www.facebook.com\/p\/Heuriger-Fabian-100063709475802\/?locale=de_DE\" \/>\n<meta property=\"article:modified_time\" content=\"2026-01-07T15:04:38+00:00\" \/>\n<meta property=\"og:image\" content=\"https:\/\/sloboda.at\/wp-content\/uploads\/2023\/11\/HEADER-STELLPLAeTZE-DESKTOP-mit-Schrift.jpg\" \/>\n\t<meta property=\"og:image:width\" content=\"1920\" \/>\n\t<meta property=\"og:image:height\" content=\"1120\" \/>\n\t<meta property=\"og:image:type\" content=\"image\/jpeg\" \/>\n<meta name=\"twitter:card\" content=\"summary_large_image\" \/>\n<meta name=\"twitter:label1\" content=\"Est. reading time\" \/>\n\t<meta name=\"twitter:data1\" content=\"1 minute\" \/>\n<script type=\"application\/ld+json\" class=\"yoast-schema-graph\">{\"@context\":\"https:\/\/schema.org\",\"@graph\":[{\"@type\":\"WebPage\",\"@id\":\"https:\/\/sloboda.at\/en\/stellplaetze\/\",\"url\":\"https:\/\/sloboda.at\/en\/stellplaetze\/\",\"name\":\"MOTORHOME SPOTS - Weingut Fabian Sloboda\",\"isPartOf\":{\"@id\":\"https:\/\/sloboda.at\/en\/#website\"},\"primaryImageOfPage\":{\"@id\":\"https:\/\/sloboda.at\/en\/stellplaetze\/#primaryimage\"},\"image\":{\"@id\":\"https:\/\/sloboda.at\/en\/stellplaetze\/#primaryimage\"},\"thumbnailUrl\":\"https:\/\/sloboda.at\/wp-content\/uploads\/2023\/11\/HEADER-STELLPLAeTZE-DESKTOP-mit-Schrift.jpg\",\"datePublished\":\"2023-11-10T10:25:38+00:00\",\"dateModified\":\"2026-01-07T15:04:38+00:00\",\"description\":\"Die Stellpl\u00e4tze befinden sich direkt am Weingut, umgeben von Weing\u00e4rten und mit Blick auf den legend\u00e4ren Podersdorfer Sonnenuntergang.\",\"breadcrumb\":{\"@id\":\"https:\/\/sloboda.at\/en\/stellplaetze\/#breadcrumb\"},\"inLanguage\":\"en-US\",\"potentialAction\":[{\"@type\":\"ReadAction\",\"target\":[\"https:\/\/sloboda.at\/en\/stellplaetze\/\"]}]},{\"@type\":\"ImageObject\",\"inLanguage\":\"en-US\",\"@id\":\"https:\/\/sloboda.at\/en\/stellplaetze\/#primaryimage\",\"url\":\"https:\/\/sloboda.at\/wp-content\/uploads\/2023\/11\/HEADER-STELLPLAeTZE-DESKTOP-mit-Schrift.jpg\",\"contentUrl\":\"https:\/\/sloboda.at\/wp-content\/uploads\/2023\/11\/HEADER-STELLPLAeTZE-DESKTOP-mit-Schrift.jpg\",\"width\":1920,\"height\":1120},{\"@type\":\"BreadcrumbList\",\"@id\":\"https:\/\/sloboda.at\/en\/stellplaetze\/#breadcrumb\",\"itemListElement\":[{\"@type\":\"ListItem\",\"position\":1,\"name\":\"Startseite\",\"item\":\"https:\/\/sloboda.at\/en\/\"},{\"@type\":\"ListItem\",\"position\":2,\"name\":\"MOTORHOME SPOTS\"}]},{\"@type\":\"WebSite\",\"@id\":\"https:\/\/sloboda.at\/en\/#website\",\"url\":\"https:\/\/sloboda.at\/en\/\",\"name\":\"Weingut Fabian Sloboda\",\"description\":\"Fabian Sloboda\",\"publisher\":{\"@id\":\"https:\/\/sloboda.at\/en\/#organization\"},\"potentialAction\":[{\"@type\":\"SearchAction\",\"target\":{\"@type\":\"EntryPoint\",\"urlTemplate\":\"https:\/\/sloboda.at\/en\/?s={search_term_string}\"},\"query-input\":{\"@type\":\"PropertyValueSpecification\",\"valueRequired\":true,\"valueName\":\"search_term_string\"}}],\"inLanguage\":\"en-US\"},{\"@type\":\"Organization\",\"@id\":\"https:\/\/sloboda.at\/en\/#organization\",\"name\":\"Weingut Fabian Sloboda\",\"url\":\"https:\/\/sloboda.at\/en\/\",\"logo\":{\"@type\":\"ImageObject\",\"inLanguage\":\"en-US\",\"@id\":\"https:\/\/sloboda.at\/en\/#\/schema\/logo\/image\/\",\"url\":\"https:\/\/sloboda.at\/wp-content\/uploads\/2023\/12\/sloboda-logo-borlabs.png\",\"contentUrl\":\"https:\/\/sloboda.at\/wp-content\/uploads\/2023\/12\/sloboda-logo-borlabs.png\",\"width\":761,\"height\":111,\"caption\":\"Weingut Fabian Sloboda\"},\"image\":{\"@id\":\"https:\/\/sloboda.at\/en\/#\/schema\/logo\/image\/\"},\"sameAs\":[\"https:\/\/www.facebook.com\/p\/Heuriger-Fabian-100063709475802\/?locale=de_DE\"]}]}<\/script>\n<!-- \/ Yoast SEO plugin. -->","yoast_head_json":{"title":"MOTORHOME SPOTS - Weingut Fabian Sloboda","description":"Die Stellpl\u00e4tze befinden sich direkt am Weingut, umgeben von Weing\u00e4rten und mit Blick auf den legend\u00e4ren Podersdorfer Sonnenuntergang.","robots":{"index":"index","follow":"follow","max-snippet":"max-snippet:-1","max-image-preview":"max-image-preview:large","max-video-preview":"max-video-preview:-1"},"canonical":"https:\/\/sloboda.at\/en\/stellplaetze\/","og_locale":"en_US","og_type":"article","og_title":"MOTORHOME SPOTS - Weingut Fabian Sloboda","og_description":"Die Stellpl\u00e4tze befinden sich direkt am Weingut, umgeben von Weing\u00e4rten und mit Blick auf den legend\u00e4ren Podersdorfer Sonnenuntergang.","og_url":"https:\/\/sloboda.at\/en\/stellplaetze\/","og_site_name":"Weingut Fabian Sloboda","article_publisher":"https:\/\/www.facebook.com\/p\/Heuriger-Fabian-100063709475802\/?locale=de_DE","article_modified_time":"2026-01-07T15:04:38+00:00","og_image":[{"width":1920,"height":1120,"url":"https:\/\/sloboda.at\/wp-content\/uploads\/2023\/11\/HEADER-STELLPLAeTZE-DESKTOP-mit-Schrift.jpg","type":"image\/jpeg"}],"twitter_card":"summary_large_image","twitter_misc":{"Est. reading time":"1 minute"},"schema":{"@context":"https:\/\/schema.org","@graph":[{"@type":"WebPage","@id":"https:\/\/sloboda.at\/en\/stellplaetze\/","url":"https:\/\/sloboda.at\/en\/stellplaetze\/","name":"MOTORHOME SPOTS - Weingut Fabian Sloboda","isPartOf":{"@id":"https:\/\/sloboda.at\/en\/#website"},"primaryImageOfPage":{"@id":"https:\/\/sloboda.at\/en\/stellplaetze\/#primaryimage"},"image":{"@id":"https:\/\/sloboda.at\/en\/stellplaetze\/#primaryimage"},"thumbnailUrl":"https:\/\/sloboda.at\/wp-content\/uploads\/2023\/11\/HEADER-STELLPLAeTZE-DESKTOP-mit-Schrift.jpg","datePublished":"2023-11-10T10:25:38+00:00","dateModified":"2026-01-07T15:04:38+00:00","description":"Die Stellpl\u00e4tze befinden sich direkt am Weingut, umgeben von Weing\u00e4rten und mit Blick auf den legend\u00e4ren Podersdorfer Sonnenuntergang.","breadcrumb":{"@id":"https:\/\/sloboda.at\/en\/stellplaetze\/#breadcrumb"},"inLanguage":"en-US","potentialAction":[{"@type":"ReadAction","target":["https:\/\/sloboda.at\/en\/stellplaetze\/"]}]},{"@type":"ImageObject","inLanguage":"en-US","@id":"https:\/\/sloboda.at\/en\/stellplaetze\/#primaryimage","url":"https:\/\/sloboda.at\/wp-content\/uploads\/2023\/11\/HEADER-STELLPLAeTZE-DESKTOP-mit-Schrift.jpg","contentUrl":"https:\/\/sloboda.at\/wp-content\/uploads\/2023\/11\/HEADER-STELLPLAeTZE-DESKTOP-mit-Schrift.jpg","width":1920,"height":1120},{"@type":"BreadcrumbList","@id":"https:\/\/sloboda.at\/en\/stellplaetze\/#breadcrumb","itemListElement":[{"@type":"ListItem","position":1,"name":"Startseite","item":"https:\/\/sloboda.at\/en\/"},{"@type":"ListItem","position":2,"name":"MOTORHOME SPOTS"}]},{"@type":"WebSite","@id":"https:\/\/sloboda.at\/en\/#website","url":"https:\/\/sloboda.at\/en\/","name":"Weingut Fabian Sloboda","description":"Fabian Sloboda","publisher":{"@id":"https:\/\/sloboda.at\/en\/#organization"},"potentialAction":[{"@type":"SearchAction","target":{"@type":"EntryPoint","urlTemplate":"https:\/\/sloboda.at\/en\/?s={search_term_string}"},"query-input":{"@type":"PropertyValueSpecification","valueRequired":true,"valueName":"search_term_string"}}],"inLanguage":"en-US"},{"@type":"Organization","@id":"https:\/\/sloboda.at\/en\/#organization","name":"Weingut Fabian Sloboda","url":"https:\/\/sloboda.at\/en\/","logo":{"@type":"ImageObject","inLanguage":"en-US","@id":"https:\/\/sloboda.at\/en\/#\/schema\/logo\/image\/","url":"https:\/\/sloboda.at\/wp-content\/uploads\/2023\/12\/sloboda-logo-borlabs.png","contentUrl":"https:\/\/sloboda.at\/wp-content\/uploads\/2023\/12\/sloboda-logo-borlabs.png","width":761,"height":111,"caption":"Weingut Fabian Sloboda"},"image":{"@id":"https:\/\/sloboda.at\/en\/#\/schema\/logo\/image\/"},"sameAs":["https:\/\/www.facebook.com\/p\/Heuriger-Fabian-100063709475802\/?locale=de_DE"]}]}},"_links":{"self":[{"href":"https:\/\/sloboda.at\/en\/wp-json\/wp\/v2\/pages\/1389","targetHints":{"allow":["GET"]}}],"collection":[{"href":"https:\/\/sloboda.at\/en\/wp-json\/wp\/v2\/pages"}],"about":[{"href":"https:\/\/sloboda.at\/en\/wp-json\/wp\/v2\/types\/page"}],"author":[{"embeddable":true,"href":"https:\/\/sloboda.at\/en\/wp-json\/wp\/v2\/users\/1"}],"replies":[{"embeddable":true,"href":"https:\/\/sloboda.at\/en\/wp-json\/wp\/v2\/comments?post=1389"}],"version-history":[{"count":1,"href":"https:\/\/sloboda.at\/en\/wp-json\/wp\/v2\/pages\/1389\/revisions"}],"predecessor-version":[{"id":3553,"href":"https:\/\/sloboda.at\/en\/wp-json\/wp\/v2\/pages\/1389\/revisions\/3553"}],"wp:featuredmedia":[{"embeddable":true,"href":"https:\/\/sloboda.at\/en\/wp-json\/wp\/v2\/media\/1318"}],"wp:attachment":[{"href":"https:\/\/sloboda.at\/en\/wp-json\/wp\/v2\/media?parent=1389"}],"curies":[{"name":"wp","href":"https:\/\/api.w.org\/{rel}","templated":true}]}}