{"id":1373,"date":"2023-11-10T09:48:36","date_gmt":"2023-11-10T08:48:36","guid":{"rendered":"https:\/\/sloboda.at\/heuriger\/"},"modified":"2026-04-08T13:49:15","modified_gmt":"2026-04-08T11:49:15","slug":"heuriger","status":"publish","type":"page","link":"https:\/\/sloboda.at\/en\/heuriger\/","title":{"rendered":"HEURIGER"},"content":{"rendered":"<div class=\"wpb-content-wrapper\"><p>[vc_row disable_element=&#8221;yes&#8221; el_class=&#8221;margin-top-mobil&#8221;][vc_column offset=&#8221;vc_hidden-sm vc_hidden-xs&#8221;][vc_single_image image=&#8221;3227&#8243; img_size=&#8221;full&#8221; alignment=&#8221;center&#8221; css=&#8221;&#8221;][\/vc_column][\/vc_row][vc_row disable_element=&#8221;yes&#8221; el_class=&#8221;margin-top-mobil&#8221;][vc_column offset=&#8221;vc_hidden-lg vc_hidden-md&#8221;][vc_single_image image=&#8221;3229&#8243; img_size=&#8221;full&#8221; alignment=&#8221;center&#8221; css=&#8221;&#8221;][\/vc_column][\/vc_row][vc_row css_animation=&#8221;fadeInDown&#8221; el_id=&#8221;heuriger-zur-zeit-geschlossen&#8221;][vc_column][vc_column_text css=&#8221;&#8221;]<\/p>\n<h2 style=\"text-align: center;\">OPENING SOON!<\/h2>\n<p>[\/vc_column_text][vc_row_inner][vc_column_inner width=&#8221;1\/2&#8243;][vc_column_text css=&#8221;.vc_custom_1772447256758{padding-right: 5% !important;padding-left: 5% !important;}&#8221;]<strong>Season &#8230;<\/strong> \u2600\ufe0f<\/p>\n<p>With pleasant afternoon temperatures here in Podersdorf am See, there\u2019s no need to worry about freezing in the garden. Quite the opposite of those classic winter days when you\u2019d rather wait until spring for everything to thaw \u2014 right now, it\u2019s perfectly comfortable to sit outside and enjoy a cozy Heuriger atmosphere. \ud83c\udf77[\/vc_column_text][\/vc_column_inner][vc_column_inner width=&#8221;1\/2&#8243;][vc_column_text css=&#8221;.vc_custom_1775050042616{padding-right: 5% !important;padding-left: 5% !important;}&#8221;]<strong>&#8230; starting March 20, 2026<\/strong><\/p>\n<p>The new season kicks off on March 20, 2026!<\/p>\n<p>Open Wednesday through Sunday, starting at 10 a.m.<\/p>\n<p><strong>We\u2019re looking forward to seeing you!<\/strong>[\/vc_column_text][\/vc_column_inner][\/vc_row_inner][\/vc_column][\/vc_row][vc_row content_placement=&#8221;middle&#8221;][vc_column width=&#8221;1\/2&#8243; el_class=&#8221;spalte-magenta-hintergrund&#8221;][vc_column_text css=&#8221;.vc_custom_1775648944950{background-color: #ffffff !important;}&#8221; el_class=&#8221;textbereich-magenta-hintergrund&#8221;]<\/p>\n<p class=\"ueberschrift-mit-trennlinie\" style=\"text-align: center;\">CULT<br \/>\nURE<\/p>\n<p><strong>Our wine tavern brings opposites together.<\/strong> The CULT with pURE tradition. For us, <strong>cult<\/strong> means a pure, traditional wine tavern culture, where our guests feel right at home, and the banter flows along with the wine in true Austrian style. Nothing is staged, it is just how we are. Our winery is nestled in the heart of a small village on Lake Neusiedl, where for us and our visitors alike, food and drink are deeply woven into the tapestry of our daily life. Here, life is still enjoyably pure, just like our wines, and you can simply be yourself and let your nature shine. No need for high-heels, flip-flops are just fine&#8230; Even if you show up barefoot, we will happily serve you a glass of our fine wines.<\/p>\n<p>We are winegrowers.<br \/>\nAnd we enjoy it.<\/p>\n<p><a href=\"https:\/\/sloboda.at\/en\/kontakt\/\" target=\"_blank\" rel=\"noopener\">Reserve your table<\/a>[\/vc_column_text][\/vc_column][vc_column width=&#8221;1\/2&#8243; css=&#8221;.vc_custom_1699361313509{margin-left: 16px !important;border-left-width: 1px !important;border-left-color: #000000 !important;border-left-style: solid !important;}&#8221;][vc_single_image image=&#8221;1296&#8243; img_size=&#8221;full&#8221; alignment=&#8221;center&#8221;][vc_column_text]<\/p>\n<h2 style=\"text-align: center;\">CLASSICS<\/h2>\n<p style=\"text-align: center;\"><strong>&#8230; our tasting quartets<\/strong><\/p>\n<p style=\"text-align: center;\">4 tasting glasses, with a little something to nibble on the side. Choose from a total of 7 different variations plus our \u201cBlind Date\u201d \u2013 a tasting quartet in black glasses \ud83d\ude09<\/p>\n<p>[\/vc_column_text][\/vc_column][\/vc_row][vc_row content_placement=&#8221;middle&#8221; disable_element=&#8221;yes&#8221;][vc_column width=&#8221;1\/2&#8243; el_class=&#8221;spalte-magenta-hintergrund&#8221;][vc_column_text css=&#8221;.vc_custom_1709816011203{background-color: #ffffff !important;}&#8221; el_class=&#8221;textbereich-magenta-hintergrund&#8221;]<\/p>\n<p class=\"ueberschrift-mit-trennlinie\" style=\"text-align: center;\">CULT<br \/>\nURE<\/p>\n<p><strong>Our wine tavern brings opposites together.<\/strong> The CULT with pURE tradition. For us, <strong>cult<\/strong> means a pure, traditional wine tavern culture, where our guests feel right at home, and the banter flows along with the wine in true Austrian style. Nothing is staged, it is just how we are. Our winery is nestled in the heart of a small village on Lake Neusiedl, where for us and our visitors alike, food and drink are deeply woven into the tapestry of our daily life. Here, life is still enjoyably pure, just like our wines, and you can simply be yourself and let your nature shine. No need for high-heels, flip-flops are just fine&#8230; Even if you show up barefoot, we will happily serve you a glass of our fine wines.<\/p>\n<p>We are winegrowers.<br \/>\nAnd we enjoy it.<\/p>\n<p><a href=\"https:\/\/sloboda.at\/en\/kontakt\/\" target=\"_blank\" rel=\"noopener\">Reserve your table<\/a>, starting March 15th, 2024[\/vc_column_text][\/vc_column][vc_column width=&#8221;1\/2&#8243; css=&#8221;.vc_custom_1699361313509{margin-left: 16px !important;border-left-width: 1px !important;border-left-color: #000000 !important;border-left-style: solid !important;}&#8221;][\/vc_column][\/vc_row][vc_row][vc_column width=&#8221;1\/6&#8243;][\/vc_column][vc_column width=&#8221;2\/3&#8243;][vc_empty_space][vc_column_text css=&#8221;&#8221;]<strong>Here we go&#8230;<\/strong><br data-start=\"13\" data-end=\"16\" \/>Our <strong data-start=\"37\" data-end=\"71\">Heuriger, Vinothek, and Winery<\/strong> are ready to rumble again!<br data-start=\"98\" data-end=\"101\" \/>We&#8217;re looking forward to welcoming new guests, great conversations, and unforgettable stories![\/vc_column_text][vc_single_image image=&#8221;1297&#8243; img_size=&#8221;full&#8221; alignment=&#8221;center&#8221; el_id=&#8221;blind-date-maulwurf&#8221;][vc_column_text]<\/p>\n<h3 style=\"text-align: center;\">A TRUE TASTING ADVENTURE!<\/h3>\n<p><strong>THIS is blind tasting:<\/strong> We serve you 4 wines in jet-black wine glasses. It is impossible to tell the color of the wine. Tasting becomes a truly enjoyable challenge. Take your wine tasting to the next level with a BLIND DATE![\/vc_column_text][\/vc_column][vc_column width=&#8221;1\/6&#8243;][\/vc_column][\/vc_row][vc_row][vc_column][vc_single_image image=&#8221;1298&#8243; img_size=&#8221;full&#8221;][\/vc_column][\/vc_row][vc_row][vc_column][vc_column_text el_id=&#8221;textbereich-heuriger-tisch&#8221;]<\/p>\n<h4 style=\"text-align: center;\">A TABLE IS WORTH MORE THAN<br \/>\nA THOUSANDS WORDS<\/h4>\n<p>[\/vc_column_text][\/vc_column][\/vc_row][vc_row][vc_column][vc_single_image image=&#8221;1299&#8243; img_size=&#8221;full&#8221;][\/vc_column][\/vc_row][vc_row disable_element=&#8221;yes&#8221;][vc_column][vc_column_text]<\/p>\n<h4 style=\"text-align: center;\">A VIDEO SAYS MORE THAN<br \/>\nA THOUSAND WORDS<\/h4>\n<p style=\"text-align: center;\"><a href=\"\/wp-content\/uploads\/2023\/11\/Karte_Fabian_2023_ry-WEB.pdf\" target=\"_blank\" rel=\"noopener\">Download Our Menu and Wine List<\/a><\/p>\n<p>[\/vc_column_text][\/vc_column][\/vc_row][vc_row][vc_column][vc_column_text css=&#8221;&#8221;]<\/p>\n<p style=\"text-align: center;\"><a href=\"https:\/\/sloboda.at\/wp-content\/uploads\/2026\/03\/Sloboda-KARTE-Heuriger-Speisen-und-Weine-2026.pdf\" target=\"_blank\" rel=\"noopener\">Download Our Menu and Wine List<\/a><\/p>\n<p>[\/vc_column_text][vc_column_text css=&#8221;&#8221;]<\/p>\n<p style=\"text-align: center;\"><a href=\"https:\/\/sloboda.at\/wp-content\/uploads\/2026\/03\/Sloboda-WEINLISTE-mit-Versandinfo-2026.pdf\" target=\"_blank\" rel=\"noopener\">Download wine list<\/a><\/p>\n<p>[\/vc_column_text][\/vc_column][\/vc_row]<\/p>\n<\/div>","protected":false},"excerpt":{"rendered":"<p>[vc_row disable_element=&#8221;yes&#8221; el_class=&#8221;margin-top-mobil&#8221;][vc_column offset=&#8221;vc_hidden-sm vc_hidden-xs&#8221;][vc_single_image image=&#8221;3227&#8243; img_size=&#8221;full&#8221; alignment=&#8221;center&#8221; css=&#8221;&#8221;][\/vc_column][\/vc_row][vc_row disable_element=&#8221;yes&#8221; el_class=&#8221;margin-top-mobil&#8221;][vc_column offset=&#8221;vc_hidden-lg vc_hidden-md&#8221;][vc_single_image image=&#8221;3229&#8243; img_size=&#8221;full&#8221; alignment=&#8221;center&#8221; css=&#8221;&#8221;][\/vc_column][\/vc_row][vc_row css_animation=&#8221;fadeInDown&#8221; el_id=&#8221;heuriger-zur-zeit-geschlossen&#8221;][vc_column][vc_column_text css=&#8221;&#8221;] OPENING SOON! [\/vc_column_text][vc_row_inner][vc_column_inner width=&#8221;1\/2&#8243;][vc_column_text css=&#8221;.vc_custom_1772447256758{padding-right: 5% !important;padding-left: 5% !important;}&#8221;]Season &#8230; \u2600\ufe0f With pleasant afternoon temperatures here in Podersdorf am See, there\u2019s no need to worry about freezing in the garden. Quite the opposite of those [&hellip;]<\/p>\n","protected":false},"author":1,"featured_media":0,"parent":0,"menu_order":0,"comment_status":"closed","ping_status":"closed","template":"","meta":{"_acf_changed":false,"ocean_post_layout":"","ocean_both_sidebars_style":"","ocean_both_sidebars_content_width":0,"ocean_both_sidebars_sidebars_width":0,"ocean_sidebar":"","ocean_second_sidebar":"","ocean_disable_margins":"enable","ocean_add_body_class":"","ocean_shortcode_before_top_bar":"","ocean_shortcode_after_top_bar":"","ocean_shortcode_before_header":"","ocean_shortcode_after_header":"","ocean_has_shortcode":"","ocean_shortcode_after_title":"","ocean_shortcode_before_footer_widgets":"","ocean_shortcode_after_footer_widgets":"","ocean_shortcode_before_footer_bottom":"","ocean_shortcode_after_footer_bottom":"","ocean_display_top_bar":"default","ocean_display_header":"default","ocean_header_style":"","ocean_center_header_left_menu":"","ocean_custom_header_template":"","ocean_custom_logo":0,"ocean_custom_retina_logo":0,"ocean_custom_logo_max_width":0,"ocean_custom_logo_tablet_max_width":0,"ocean_custom_logo_mobile_max_width":0,"ocean_custom_logo_max_height":0,"ocean_custom_logo_tablet_max_height":0,"ocean_custom_logo_mobile_max_height":0,"ocean_header_custom_menu":"","ocean_menu_typo_font_family":"","ocean_menu_typo_font_subset":"","ocean_menu_typo_font_size":0,"ocean_menu_typo_font_size_tablet":0,"ocean_menu_typo_font_size_mobile":0,"ocean_menu_typo_font_size_unit":"px","ocean_menu_typo_font_weight":"","ocean_menu_typo_font_weight_tablet":"","ocean_menu_typo_font_weight_mobile":"","ocean_menu_typo_transform":"","ocean_menu_typo_transform_tablet":"","ocean_menu_typo_transform_mobile":"","ocean_menu_typo_line_height":0,"ocean_menu_typo_line_height_tablet":0,"ocean_menu_typo_line_height_mobile":0,"ocean_menu_typo_line_height_unit":"","ocean_menu_typo_spacing":0,"ocean_menu_typo_spacing_tablet":0,"ocean_menu_typo_spacing_mobile":0,"ocean_menu_typo_spacing_unit":"","ocean_menu_link_color":"","ocean_menu_link_color_hover":"","ocean_menu_link_color_active":"","ocean_menu_link_background":"","ocean_menu_link_hover_background":"","ocean_menu_link_active_background":"","ocean_menu_social_links_bg":"","ocean_menu_social_hover_links_bg":"","ocean_menu_social_links_color":"","ocean_menu_social_hover_links_color":"","ocean_disable_title":"default","ocean_disable_heading":"default","ocean_post_title":"","ocean_post_subheading":"","ocean_post_title_style":"","ocean_post_title_background_color":"","ocean_post_title_background":0,"ocean_post_title_bg_image_position":"","ocean_post_title_bg_image_attachment":"","ocean_post_title_bg_image_repeat":"","ocean_post_title_bg_image_size":"","ocean_post_title_height":0,"ocean_post_title_bg_overlay":0.5,"ocean_post_title_bg_overlay_color":"","ocean_disable_breadcrumbs":"default","ocean_breadcrumbs_color":"","ocean_breadcrumbs_separator_color":"","ocean_breadcrumbs_links_color":"","ocean_breadcrumbs_links_hover_color":"","ocean_display_footer_widgets":"default","ocean_display_footer_bottom":"default","ocean_custom_footer_template":"","footnotes":""},"class_list":["post-1373","page","type-page","status-publish","hentry","entry","owp-thumbs-layout-horizontal","owp-btn-big","owp-tabs-layout-horizontal","has-no-thumbnails"],"acf":[],"yoast_head":"<!-- This site is optimized with the Yoast SEO plugin v27.5 - https:\/\/yoast.com\/product\/yoast-seo-wordpress\/ -->\n<title>HEURIGER - Weingut Fabian Sloboda<\/title>\n<meta name=\"description\" content=\"Unser Heurigen verbindet Kontr\u00e4res. Kult mit dem Urigen. Kult bedeutet f\u00fcr uns eine etablierte, von G\u00e4sten hochgesch\u00e4tzte Heurigenkultur.\" \/>\n<meta name=\"robots\" content=\"index, follow, max-snippet:-1, max-image-preview:large, max-video-preview:-1\" \/>\n<link rel=\"canonical\" href=\"https:\/\/sloboda.at\/en\/heuriger\/\" \/>\n<meta property=\"og:locale\" content=\"en_US\" \/>\n<meta property=\"og:type\" content=\"article\" \/>\n<meta property=\"og:title\" content=\"HEURIGER - Weingut Fabian Sloboda\" \/>\n<meta property=\"og:description\" content=\"Unser Heurigen verbindet Kontr\u00e4res. Kult mit dem Urigen. Kult bedeutet f\u00fcr uns eine etablierte, von G\u00e4sten hochgesch\u00e4tzte Heurigenkultur.\" \/>\n<meta property=\"og:url\" content=\"https:\/\/sloboda.at\/en\/heuriger\/\" \/>\n<meta property=\"og:site_name\" content=\"Weingut Fabian Sloboda\" \/>\n<meta property=\"article:publisher\" content=\"https:\/\/www.facebook.com\/p\/Heuriger-Fabian-100063709475802\/?locale=de_DE\" \/>\n<meta property=\"article:modified_time\" content=\"2026-04-08T11:49:15+00:00\" \/>\n<meta name=\"twitter:card\" content=\"summary_large_image\" \/>\n<meta name=\"twitter:label1\" content=\"Est. reading time\" \/>\n\t<meta name=\"twitter:data1\" content=\"5 minutes\" \/>\n<script type=\"application\/ld+json\" class=\"yoast-schema-graph\">{\"@context\":\"https:\\\/\\\/schema.org\",\"@graph\":[{\"@type\":\"WebPage\",\"@id\":\"https:\\\/\\\/sloboda.at\\\/en\\\/heuriger\\\/\",\"url\":\"https:\\\/\\\/sloboda.at\\\/en\\\/heuriger\\\/\",\"name\":\"HEURIGER - Weingut Fabian Sloboda\",\"isPartOf\":{\"@id\":\"https:\\\/\\\/sloboda.at\\\/en\\\/#website\"},\"datePublished\":\"2023-11-10T08:48:36+00:00\",\"dateModified\":\"2026-04-08T11:49:15+00:00\",\"description\":\"Unser Heurigen verbindet Kontr\u00e4res. Kult mit dem Urigen. Kult bedeutet f\u00fcr uns eine etablierte, von G\u00e4sten hochgesch\u00e4tzte Heurigenkultur.\",\"breadcrumb\":{\"@id\":\"https:\\\/\\\/sloboda.at\\\/en\\\/heuriger\\\/#breadcrumb\"},\"inLanguage\":\"en-US\",\"potentialAction\":[{\"@type\":\"ReadAction\",\"target\":[\"https:\\\/\\\/sloboda.at\\\/en\\\/heuriger\\\/\"]}]},{\"@type\":\"BreadcrumbList\",\"@id\":\"https:\\\/\\\/sloboda.at\\\/en\\\/heuriger\\\/#breadcrumb\",\"itemListElement\":[{\"@type\":\"ListItem\",\"position\":1,\"name\":\"Startseite\",\"item\":\"https:\\\/\\\/sloboda.at\\\/en\\\/\"},{\"@type\":\"ListItem\",\"position\":2,\"name\":\"HEURIGER\"}]},{\"@type\":\"WebSite\",\"@id\":\"https:\\\/\\\/sloboda.at\\\/en\\\/#website\",\"url\":\"https:\\\/\\\/sloboda.at\\\/en\\\/\",\"name\":\"Weingut Fabian Sloboda\",\"description\":\"Fabian Sloboda\",\"publisher\":{\"@id\":\"https:\\\/\\\/sloboda.at\\\/en\\\/#organization\"},\"potentialAction\":[{\"@type\":\"SearchAction\",\"target\":{\"@type\":\"EntryPoint\",\"urlTemplate\":\"https:\\\/\\\/sloboda.at\\\/en\\\/?s={search_term_string}\"},\"query-input\":{\"@type\":\"PropertyValueSpecification\",\"valueRequired\":true,\"valueName\":\"search_term_string\"}}],\"inLanguage\":\"en-US\"},{\"@type\":\"Organization\",\"@id\":\"https:\\\/\\\/sloboda.at\\\/en\\\/#organization\",\"name\":\"Weingut Fabian Sloboda\",\"url\":\"https:\\\/\\\/sloboda.at\\\/en\\\/\",\"logo\":{\"@type\":\"ImageObject\",\"inLanguage\":\"en-US\",\"@id\":\"https:\\\/\\\/sloboda.at\\\/en\\\/#\\\/schema\\\/logo\\\/image\\\/\",\"url\":\"https:\\\/\\\/sloboda.at\\\/wp-content\\\/uploads\\\/2023\\\/12\\\/sloboda-logo-borlabs.png\",\"contentUrl\":\"https:\\\/\\\/sloboda.at\\\/wp-content\\\/uploads\\\/2023\\\/12\\\/sloboda-logo-borlabs.png\",\"width\":761,\"height\":111,\"caption\":\"Weingut Fabian Sloboda\"},\"image\":{\"@id\":\"https:\\\/\\\/sloboda.at\\\/en\\\/#\\\/schema\\\/logo\\\/image\\\/\"},\"sameAs\":[\"https:\\\/\\\/www.facebook.com\\\/p\\\/Heuriger-Fabian-100063709475802\\\/?locale=de_DE\"]}]}<\/script>\n<!-- \/ Yoast SEO plugin. -->","yoast_head_json":{"title":"HEURIGER - Weingut Fabian Sloboda","description":"Unser Heurigen verbindet Kontr\u00e4res. Kult mit dem Urigen. Kult bedeutet f\u00fcr uns eine etablierte, von G\u00e4sten hochgesch\u00e4tzte Heurigenkultur.","robots":{"index":"index","follow":"follow","max-snippet":"max-snippet:-1","max-image-preview":"max-image-preview:large","max-video-preview":"max-video-preview:-1"},"canonical":"https:\/\/sloboda.at\/en\/heuriger\/","og_locale":"en_US","og_type":"article","og_title":"HEURIGER - Weingut Fabian Sloboda","og_description":"Unser Heurigen verbindet Kontr\u00e4res. Kult mit dem Urigen. Kult bedeutet f\u00fcr uns eine etablierte, von G\u00e4sten hochgesch\u00e4tzte Heurigenkultur.","og_url":"https:\/\/sloboda.at\/en\/heuriger\/","og_site_name":"Weingut Fabian Sloboda","article_publisher":"https:\/\/www.facebook.com\/p\/Heuriger-Fabian-100063709475802\/?locale=de_DE","article_modified_time":"2026-04-08T11:49:15+00:00","twitter_card":"summary_large_image","twitter_misc":{"Est. reading time":"5 minutes"},"schema":{"@context":"https:\/\/schema.org","@graph":[{"@type":"WebPage","@id":"https:\/\/sloboda.at\/en\/heuriger\/","url":"https:\/\/sloboda.at\/en\/heuriger\/","name":"HEURIGER - Weingut Fabian Sloboda","isPartOf":{"@id":"https:\/\/sloboda.at\/en\/#website"},"datePublished":"2023-11-10T08:48:36+00:00","dateModified":"2026-04-08T11:49:15+00:00","description":"Unser Heurigen verbindet Kontr\u00e4res. Kult mit dem Urigen. Kult bedeutet f\u00fcr uns eine etablierte, von G\u00e4sten hochgesch\u00e4tzte Heurigenkultur.","breadcrumb":{"@id":"https:\/\/sloboda.at\/en\/heuriger\/#breadcrumb"},"inLanguage":"en-US","potentialAction":[{"@type":"ReadAction","target":["https:\/\/sloboda.at\/en\/heuriger\/"]}]},{"@type":"BreadcrumbList","@id":"https:\/\/sloboda.at\/en\/heuriger\/#breadcrumb","itemListElement":[{"@type":"ListItem","position":1,"name":"Startseite","item":"https:\/\/sloboda.at\/en\/"},{"@type":"ListItem","position":2,"name":"HEURIGER"}]},{"@type":"WebSite","@id":"https:\/\/sloboda.at\/en\/#website","url":"https:\/\/sloboda.at\/en\/","name":"Weingut Fabian Sloboda","description":"Fabian Sloboda","publisher":{"@id":"https:\/\/sloboda.at\/en\/#organization"},"potentialAction":[{"@type":"SearchAction","target":{"@type":"EntryPoint","urlTemplate":"https:\/\/sloboda.at\/en\/?s={search_term_string}"},"query-input":{"@type":"PropertyValueSpecification","valueRequired":true,"valueName":"search_term_string"}}],"inLanguage":"en-US"},{"@type":"Organization","@id":"https:\/\/sloboda.at\/en\/#organization","name":"Weingut Fabian Sloboda","url":"https:\/\/sloboda.at\/en\/","logo":{"@type":"ImageObject","inLanguage":"en-US","@id":"https:\/\/sloboda.at\/en\/#\/schema\/logo\/image\/","url":"https:\/\/sloboda.at\/wp-content\/uploads\/2023\/12\/sloboda-logo-borlabs.png","contentUrl":"https:\/\/sloboda.at\/wp-content\/uploads\/2023\/12\/sloboda-logo-borlabs.png","width":761,"height":111,"caption":"Weingut Fabian Sloboda"},"image":{"@id":"https:\/\/sloboda.at\/en\/#\/schema\/logo\/image\/"},"sameAs":["https:\/\/www.facebook.com\/p\/Heuriger-Fabian-100063709475802\/?locale=de_DE"]}]}},"_links":{"self":[{"href":"https:\/\/sloboda.at\/en\/wp-json\/wp\/v2\/pages\/1373","targetHints":{"allow":["GET"]}}],"collection":[{"href":"https:\/\/sloboda.at\/en\/wp-json\/wp\/v2\/pages"}],"about":[{"href":"https:\/\/sloboda.at\/en\/wp-json\/wp\/v2\/types\/page"}],"author":[{"embeddable":true,"href":"https:\/\/sloboda.at\/en\/wp-json\/wp\/v2\/users\/1"}],"replies":[{"embeddable":true,"href":"https:\/\/sloboda.at\/en\/wp-json\/wp\/v2\/comments?post=1373"}],"version-history":[{"count":9,"href":"https:\/\/sloboda.at\/en\/wp-json\/wp\/v2\/pages\/1373\/revisions"}],"predecessor-version":[{"id":3780,"href":"https:\/\/sloboda.at\/en\/wp-json\/wp\/v2\/pages\/1373\/revisions\/3780"}],"wp:attachment":[{"href":"https:\/\/sloboda.at\/en\/wp-json\/wp\/v2\/media?parent=1373"}],"curies":[{"name":"wp","href":"https:\/\/api.w.org\/{rel}","templated":true}]}}