{"id":1367,"date":"2023-11-06T10:50:17","date_gmt":"2023-11-06T09:50:17","guid":{"rendered":"https:\/\/sloboda.at\/weine\/"},"modified":"2025-03-13T16:31:29","modified_gmt":"2025-03-13T15:31:29","slug":"weine","status":"publish","type":"page","link":"https:\/\/sloboda.at\/en\/weine\/","title":{"rendered":"WINES"},"content":{"rendered":"<div class=\"wpb-content-wrapper\"><p>[vc_row css_animation=&#8221;fadeInDown&#8221;][vc_column][vc_single_image image=&#8221;186&#8243; img_size=&#8221;full&#8221; alignment=&#8221;center&#8221; css=&#8221;.vc_custom_1699863956767{padding-right: 5% !important;padding-left: 5% !important;}&#8221;][\/vc_column][\/vc_row][vc_row el_id=&#8221;sektion-weine-prost&#8221;][vc_column][vc_column_text]<strong>We bottle <\/strong>what friends and residents of Burgenland around the world cultural heritage site of Lake Neusiedl value so much: The soul of this extraordinary region, the sun-drenched summer days, the crisp autumn nights and the fertile soils that yield the treasures responsible for the bold character, the &#8220;terroir&#8221;, of the Burgenland wines sought after around the globe. Our range of wines are pleasingly typical of the variety. Our classics are classics. Our only experiment is our completely unique Wellent\u00e4nzer, or \u201cwave dancer\u201d, aged in a special buoy that dances on the waves of Lake Neusiedl. We offer both varietal and single vineyard wines as well as fine cuv\u00e9es. The Austrian stars are also in the lineup, with such varieties as Welschriesling and Gr\u00fcner Veltliner (white), all the way to Zweigelt and Blaufr\u00e4nkisch (red). We even speak a bit of French (Sauvignon Blanc, Chardonnay, Merlot) and many a wine freak has fallen in love with our Grauburgunder (code name: Pinot Gris). Of course, we are also in one of the best locations in the world for excellent sweet wines in every variety. The Sweet Sixteen is our personal wine of the century&#8230; We wish we could send it together with a warm fireplace, but the poor mailman can only carry so much! Enough writing, you can find the current overview below![\/vc_column_text][\/vc_column][\/vc_row][vc_row][vc_column][vc_single_image image=&#8221;2660&#8243; img_size=&#8221;full&#8221; alignment=&#8221;center&#8221; css=&#8221;&#8221;][\/vc_column][\/vc_row][vc_row el_id=&#8221;newsletterbox&#8221;][vc_column width=&#8221;1\/6&#8243;][\/vc_column][vc_column width=&#8221;2\/3&#8243;][vc_column_text]<\/p>\n<table class=\"weintabelle\">\n<tbody>\n<tr>\n<td>Frizzante Ros\u00e9<\/td>\n<td>0,75l<\/td>\n<td><a href=\"https:\/\/sloboda.at\/produkt\/frizzante-rose\/\" target=\"_blank\" rel=\"noopener\">more<\/a><\/td>\n<\/tr>\n<tr>\n<td>Frizzante Wei\u00df<\/td>\n<td>0,75l<\/td>\n<td><a href=\"https:\/\/sloboda.at\/produkt\/frizzante-weiss\/\" target=\"_blank\" rel=\"noopener\">more<\/a><\/td>\n<\/tr>\n<tr>\n<td>Blauer Zweigelt rose<\/td>\n<td>0,75l<\/td>\n<td><a href=\"https:\/\/sloboda.at\/produkt\/blauer-zweigelt-rose\/\" target=\"_blank\" rel=\"noopener\">more<\/a><\/td>\n<\/tr>\n<tr>\n<td>Fabians Original Schankwein<\/td>\n<td>0,75l<\/td>\n<td><a href=\"https:\/\/sloboda.at\/produkt\/fabians-original-schankwein\/\" target=\"_blank\" rel=\"noopener\">more<\/a><\/td>\n<\/tr>\n<tr>\n<td>Welschriesling<\/td>\n<td>0,75l<\/td>\n<td><a href=\"https:\/\/sloboda.at\/produkt\/welschriesling\/\" target=\"_blank\" rel=\"noopener\">more<\/a><\/td>\n<\/tr>\n<tr>\n<td>Gr\u00fcner Veltliner<\/td>\n<td>0,75l<\/td>\n<td><a href=\"https:\/\/sloboda.at\/produkt\/gruener-veltliner\/\" target=\"_blank\" rel=\"noopener\">more<\/a><\/td>\n<\/tr>\n<tr>\n<td>Weissburgunder<\/td>\n<td>0,75l<\/td>\n<td><a href=\"https:\/\/sloboda.at\/produkt\/weissburgunder\/\" target=\"_blank\" rel=\"noopener\">more<\/a><\/td>\n<\/tr>\n<tr>\n<td>Chardonnay<\/td>\n<td>0,75l<\/td>\n<td><a href=\"https:\/\/sloboda.at\/produkt\/chardonnay\/\" target=\"_blank\" rel=\"noopener\">more<\/a><\/td>\n<\/tr>\n<tr>\n<td>Sauvignon Blanc<\/td>\n<td>0,75l<\/td>\n<td><a href=\"https:\/\/sloboda.at\/produkt\/sauvignon-blanc\/\" target=\"_blank\" rel=\"noopener\">more<\/a><\/td>\n<\/tr>\n<tr>\n<td>Muskat Ottonel<\/td>\n<td>0,75l<\/td>\n<td><a href=\"https:\/\/sloboda.at\/produkt\/muskat-ottonel\/\" target=\"_blank\" rel=\"noopener\">more<\/a><\/td>\n<\/tr>\n<tr>\n<td>Pinot Cuv\u00e9e<\/td>\n<td>0,75l<\/td>\n<td><a href=\"https:\/\/sloboda.at\/produkt\/pinot-cuvee\/\" target=\"_blank\" rel=\"noopener\">more<\/a><\/td>\n<\/tr>\n<tr>\n<td>Gr\u00fcner Veltliner <span class=\"weine-tabelle-kleinertext-span\">Ried Georgskirchen<\/span><\/td>\n<td>0,75l<\/td>\n<td><a href=\"https:\/\/sloboda.at\/produkt\/gruener-veltliner-ried-georgskirchen\/\" target=\"_blank\" rel=\"noopener\">more<\/a><\/td>\n<\/tr>\n<tr>\n<td>Chardonnay fassgereift<\/td>\n<td>0,75l<\/td>\n<td><a href=\"https:\/\/sloboda.at\/produkt\/chardonnay-fassgereift\/\" target=\"_blank\" rel=\"noopener\">more<\/a><\/td>\n<\/tr>\n<tr>\n<td>Grauburgunder fassgereift<\/td>\n<td>0,75l<\/td>\n<td><a href=\"https:\/\/sloboda.at\/produkt\/grauburgunder-fassgereift\/\" target=\"_blank\" rel=\"noopener\">more<\/a><\/td>\n<\/tr>\n<tr>\n<td>Blauer Zweigelt Klassik<\/td>\n<td>0,75l<\/td>\n<td><a href=\"https:\/\/sloboda.at\/produkt\/blauer-zweigelt-klassik\/\" target=\"_blank\" rel=\"noopener\">more<\/a><\/td>\n<\/tr>\n<tr>\n<td>Blaufr\u00e4nkisch<\/td>\n<td>0,75l<\/td>\n<td><a href=\"https:\/\/sloboda.at\/produkt\/blaufraenkisch\/\" target=\"_blank\" rel=\"noopener\">more<\/a><\/td>\n<\/tr>\n<tr>\n<td>Zweigelt <span class=\"weine-tabelle-kleinertext-span\">Ried Georgskirchen<\/span><\/td>\n<td>0,75l<\/td>\n<td><a href=\"https:\/\/sloboda.at\/produkt\/blauer-zweigelt-ried-georgskirchen\/\" target=\"_blank\" rel=\"noopener\">more<\/a><\/td>\n<\/tr>\n<tr>\n<td>Merlot<\/td>\n<td>0,75l<\/td>\n<td><a href=\"https:\/\/sloboda.at\/produkt\/merlot\/\" target=\"_blank\" rel=\"noopener\">more<\/a><\/td>\n<\/tr>\n<tr>\n<td>Cabernet Sauvignon<\/td>\n<td>0,75l<\/td>\n<td><a href=\"https:\/\/sloboda.at\/produkt\/cabernet-sauvignon\/\" target=\"_blank\" rel=\"noopener\">more<\/a><\/td>\n<\/tr>\n<tr>\n<td>Blauer Zweigelt Reserve<\/td>\n<td>0,75l<\/td>\n<td><a href=\"https:\/\/sloboda.at\/produkt\/blauer-zweigelt-reserve\/\" target=\"_blank\" rel=\"noopener\">more<\/a><\/td>\n<\/tr>\n<tr>\n<td>Optimus Grand Cuv\u00e9e<\/td>\n<td>0,75l<\/td>\n<td><a href=\"https:\/\/sloboda.at\/produkt\/optimus-grand-cuvee\/\" target=\"_blank\" rel=\"noopener\">more<\/a><\/td>\n<\/tr>\n<tr>\n<td>Blauer Zweigelt halbtrocken<\/td>\n<td>0,75l<\/td>\n<td><a href=\"https:\/\/sloboda.at\/produkt\/blauer-zweigelt-halbtrocken\/\" target=\"_blank\" rel=\"noopener\">more<\/a><\/td>\n<\/tr>\n<tr>\n<td>Blauer Zweigelt lieblich<\/td>\n<td>0,75l<\/td>\n<td><a href=\"https:\/\/sloboda.at\/produkt\/blauer-zweigelt-lieblich\/\" target=\"_blank\" rel=\"noopener\">more<\/a><\/td>\n<\/tr>\n<tr>\n<td>Rul\u00e4nder s\u00fc\u00df<\/td>\n<td>0,75l<\/td>\n<td><a href=\"https:\/\/sloboda.at\/produkt\/rulaender-suess\/\" target=\"_blank\" rel=\"noopener\">more<\/a><\/td>\n<\/tr>\n<tr>\n<td>Traminer Sp\u00e4tlese<\/td>\n<td>0,75l<\/td>\n<td><a href=\"https:\/\/sloboda.at\/produkt\/traminer-spaetlese\/\" target=\"_blank\" rel=\"noopener\">more<\/a><\/td>\n<\/tr>\n<tr>\n<td>Merlot Auslese<\/td>\n<td>0,375l<\/td>\n<td><a href=\"https:\/\/sloboda.at\/produkt\/merlot-auslese\/\" target=\"_blank\" rel=\"noopener\">more<\/a><\/td>\n<\/tr>\n<tr>\n<td>Sweet Sixteen<\/td>\n<td>0,375l<\/td>\n<td><a href=\"https:\/\/sloboda.at\/produkt\/sweet-sixteen\/\" target=\"_blank\" rel=\"noopener\">more<\/a><\/td>\n<\/tr>\n<tr>\n<td>Wellent\u00e4nzer<\/td>\n<td>0,75l<\/td>\n<td><a href=\"https:\/\/sloboda.at\/produkt\/wellentaenzer-2020\/\" target=\"_blank\" rel=\"noopener\">more<\/a><\/td>\n<\/tr>\n<tr>\n<td>Zwillingswein zum Wellent\u00e4nzer<\/td>\n<td>0,75l<\/td>\n<td><a href=\"https:\/\/sloboda.at\/produkt\/zwillingswein-zum-wellentaenzer\/\" target=\"_blank\" rel=\"noopener\">more<\/a><\/td>\n<\/tr>\n<\/tbody>\n<\/table>\n<p>[\/vc_column_text][vc_column_text css=&#8221;&#8221; el_id=&#8221;weintabelle-aktuelle-aktionen&#8221;]<\/p>\n<p style=\"text-align: right;\"><a href=\"https:\/\/sloboda.at\/shop\/\" target=\"_blank\" rel=\"noopener\">ALL WINES<\/a><\/p>\n<p>[\/vc_column_text][\/vc_column][vc_column width=&#8221;1\/6&#8243;][\/vc_column][\/vc_row][vc_row full_width=&#8221;stretch_row_content&#8221; equal_height=&#8221;yes&#8221; content_placement=&#8221;middle&#8221; el_id=&#8221;zeile-weine-zum-shop&#8221;][vc_column width=&#8221;2\/5&#8243; offset=&#8221;vc_hidden-sm vc_hidden-xs&#8221;][vc_separator color=&#8221;black&#8221;][\/vc_column][vc_column width=&#8221;1\/5&#8243; el_id=&#8221;bild-shop-button&#8221;][vc_single_image image=&#8221;192&#8243; img_size=&#8221;full&#8221; alignment=&#8221;center&#8221; onclick=&#8221;custom_link&#8221; link=&#8221;\/shop\/&#8221;][\/vc_column][vc_column width=&#8221;2\/5&#8243; offset=&#8221;vc_hidden-sm vc_hidden-xs&#8221;][vc_separator color=&#8221;black&#8221;][\/vc_column][\/vc_row]<\/p>\n<\/div>","protected":false},"excerpt":{"rendered":"<p>[vc_row css_animation=&#8221;fadeInDown&#8221;][vc_column][vc_single_image image=&#8221;186&#8243; img_size=&#8221;full&#8221; alignment=&#8221;center&#8221; css=&#8221;.vc_custom_1699863956767{padding-right: 5% !important;padding-left: 5% !important;}&#8221;][\/vc_column][\/vc_row][vc_row el_id=&#8221;sektion-weine-prost&#8221;][vc_column][vc_column_text]We bottle what friends and residents of Burgenland around the world cultural heritage site of Lake Neusiedl value so much: The soul of this extraordinary region, the sun-drenched summer days, the crisp autumn nights and the fertile soils that yield the treasures responsible for the [&hellip;]<\/p>\n","protected":false},"author":1,"featured_media":1315,"parent":0,"menu_order":0,"comment_status":"closed","ping_status":"closed","template":"","meta":{"_acf_changed":false,"ocean_post_layout":"","ocean_both_sidebars_style":"","ocean_both_sidebars_content_width":0,"ocean_both_sidebars_sidebars_width":0,"ocean_sidebar":"","ocean_second_sidebar":"","ocean_disable_margins":"enable","ocean_add_body_class":"","ocean_shortcode_before_top_bar":"","ocean_shortcode_after_top_bar":"","ocean_shortcode_before_header":"","ocean_shortcode_after_header":"","ocean_has_shortcode":"","ocean_shortcode_after_title":"","ocean_shortcode_before_footer_widgets":"","ocean_shortcode_after_footer_widgets":"","ocean_shortcode_before_footer_bottom":"","ocean_shortcode_after_footer_bottom":"","ocean_display_top_bar":"default","ocean_display_header":"default","ocean_header_style":"","ocean_center_header_left_menu":"","ocean_custom_header_template":"","ocean_custom_logo":0,"ocean_custom_retina_logo":0,"ocean_custom_logo_max_width":0,"ocean_custom_logo_tablet_max_width":0,"ocean_custom_logo_mobile_max_width":0,"ocean_custom_logo_max_height":0,"ocean_custom_logo_tablet_max_height":0,"ocean_custom_logo_mobile_max_height":0,"ocean_header_custom_menu":"","ocean_menu_typo_font_family":"","ocean_menu_typo_font_subset":"","ocean_menu_typo_font_size":0,"ocean_menu_typo_font_size_tablet":0,"ocean_menu_typo_font_size_mobile":0,"ocean_menu_typo_font_size_unit":"px","ocean_menu_typo_font_weight":"","ocean_menu_typo_font_weight_tablet":"","ocean_menu_typo_font_weight_mobile":"","ocean_menu_typo_transform":"","ocean_menu_typo_transform_tablet":"","ocean_menu_typo_transform_mobile":"","ocean_menu_typo_line_height":0,"ocean_menu_typo_line_height_tablet":0,"ocean_menu_typo_line_height_mobile":0,"ocean_menu_typo_line_height_unit":"","ocean_menu_typo_spacing":0,"ocean_menu_typo_spacing_tablet":0,"ocean_menu_typo_spacing_mobile":0,"ocean_menu_typo_spacing_unit":"","ocean_menu_link_color":"","ocean_menu_link_color_hover":"","ocean_menu_link_color_active":"","ocean_menu_link_background":"","ocean_menu_link_hover_background":"","ocean_menu_link_active_background":"","ocean_menu_social_links_bg":"","ocean_menu_social_hover_links_bg":"","ocean_menu_social_links_color":"","ocean_menu_social_hover_links_color":"","ocean_disable_title":"default","ocean_disable_heading":"default","ocean_post_title":"","ocean_post_subheading":"","ocean_post_title_style":"","ocean_post_title_background_color":"","ocean_post_title_background":0,"ocean_post_title_bg_image_position":"","ocean_post_title_bg_image_attachment":"","ocean_post_title_bg_image_repeat":"","ocean_post_title_bg_image_size":"","ocean_post_title_height":0,"ocean_post_title_bg_overlay":0.5,"ocean_post_title_bg_overlay_color":"","ocean_disable_breadcrumbs":"default","ocean_breadcrumbs_color":"","ocean_breadcrumbs_separator_color":"","ocean_breadcrumbs_links_color":"","ocean_breadcrumbs_links_hover_color":"","ocean_display_footer_widgets":"default","ocean_display_footer_bottom":"default","ocean_custom_footer_template":"","footnotes":""},"class_list":["post-1367","page","type-page","status-publish","has-post-thumbnail","hentry","entry","has-media","owp-thumbs-layout-horizontal","owp-btn-big","owp-tabs-layout-horizontal","has-no-thumbnails"],"acf":[],"yoast_head":"<!-- This site is optimized with the Yoast SEO plugin v27.2 - https:\/\/yoast.com\/product\/yoast-seo-wordpress\/ -->\n<title>WINES - Weingut Fabian Sloboda<\/title>\n<meta name=\"description\" content=\"Wir bringen das in die Flasche, was Freunde und Bewohner des Burgenlandes rund um das Weltkulturerbe Neusiedler See so sch\u00e4tzen.\" \/>\n<meta name=\"robots\" content=\"index, follow, max-snippet:-1, max-image-preview:large, max-video-preview:-1\" \/>\n<link rel=\"canonical\" href=\"https:\/\/sloboda.at\/en\/weine\/\" \/>\n<meta property=\"og:locale\" content=\"en_US\" \/>\n<meta property=\"og:type\" content=\"article\" \/>\n<meta property=\"og:title\" content=\"WINES - Weingut Fabian Sloboda\" \/>\n<meta property=\"og:description\" content=\"Wir bringen das in die Flasche, was Freunde und Bewohner des Burgenlandes rund um das Weltkulturerbe Neusiedler See so sch\u00e4tzen.\" \/>\n<meta property=\"og:url\" content=\"https:\/\/sloboda.at\/en\/weine\/\" \/>\n<meta property=\"og:site_name\" content=\"Weingut Fabian Sloboda\" \/>\n<meta property=\"article:publisher\" content=\"https:\/\/www.facebook.com\/p\/Heuriger-Fabian-100063709475802\/?locale=de_DE\" \/>\n<meta property=\"article:modified_time\" content=\"2025-03-13T15:31:29+00:00\" \/>\n<meta property=\"og:image\" content=\"https:\/\/sloboda.at\/wp-content\/uploads\/2023\/11\/HEADER-WEINE-DESKTOP-mit-Schrift.jpg\" \/>\n\t<meta property=\"og:image:width\" content=\"1920\" \/>\n\t<meta property=\"og:image:height\" content=\"1120\" \/>\n\t<meta property=\"og:image:type\" content=\"image\/jpeg\" \/>\n<meta name=\"twitter:card\" content=\"summary_large_image\" \/>\n<meta name=\"twitter:label1\" content=\"Est. reading time\" \/>\n\t<meta name=\"twitter:data1\" content=\"3 minutes\" \/>\n<script type=\"application\/ld+json\" class=\"yoast-schema-graph\">{\"@context\":\"https:\/\/schema.org\",\"@graph\":[{\"@type\":\"WebPage\",\"@id\":\"https:\/\/sloboda.at\/en\/weine\/\",\"url\":\"https:\/\/sloboda.at\/en\/weine\/\",\"name\":\"WINES - Weingut Fabian Sloboda\",\"isPartOf\":{\"@id\":\"https:\/\/sloboda.at\/en\/#website\"},\"primaryImageOfPage\":{\"@id\":\"https:\/\/sloboda.at\/en\/weine\/#primaryimage\"},\"image\":{\"@id\":\"https:\/\/sloboda.at\/en\/weine\/#primaryimage\"},\"thumbnailUrl\":\"https:\/\/sloboda.at\/wp-content\/uploads\/2023\/11\/HEADER-WEINE-DESKTOP-mit-Schrift.jpg\",\"datePublished\":\"2023-11-06T09:50:17+00:00\",\"dateModified\":\"2025-03-13T15:31:29+00:00\",\"description\":\"Wir bringen das in die Flasche, was Freunde und Bewohner des Burgenlandes rund um das Weltkulturerbe Neusiedler See so sch\u00e4tzen.\",\"breadcrumb\":{\"@id\":\"https:\/\/sloboda.at\/en\/weine\/#breadcrumb\"},\"inLanguage\":\"en-US\",\"potentialAction\":[{\"@type\":\"ReadAction\",\"target\":[\"https:\/\/sloboda.at\/en\/weine\/\"]}]},{\"@type\":\"ImageObject\",\"inLanguage\":\"en-US\",\"@id\":\"https:\/\/sloboda.at\/en\/weine\/#primaryimage\",\"url\":\"https:\/\/sloboda.at\/wp-content\/uploads\/2023\/11\/HEADER-WEINE-DESKTOP-mit-Schrift.jpg\",\"contentUrl\":\"https:\/\/sloboda.at\/wp-content\/uploads\/2023\/11\/HEADER-WEINE-DESKTOP-mit-Schrift.jpg\",\"width\":1920,\"height\":1120},{\"@type\":\"BreadcrumbList\",\"@id\":\"https:\/\/sloboda.at\/en\/weine\/#breadcrumb\",\"itemListElement\":[{\"@type\":\"ListItem\",\"position\":1,\"name\":\"Startseite\",\"item\":\"https:\/\/sloboda.at\/en\/\"},{\"@type\":\"ListItem\",\"position\":2,\"name\":\"WINES\"}]},{\"@type\":\"WebSite\",\"@id\":\"https:\/\/sloboda.at\/en\/#website\",\"url\":\"https:\/\/sloboda.at\/en\/\",\"name\":\"Weingut Fabian Sloboda\",\"description\":\"Fabian Sloboda\",\"publisher\":{\"@id\":\"https:\/\/sloboda.at\/en\/#organization\"},\"potentialAction\":[{\"@type\":\"SearchAction\",\"target\":{\"@type\":\"EntryPoint\",\"urlTemplate\":\"https:\/\/sloboda.at\/en\/?s={search_term_string}\"},\"query-input\":{\"@type\":\"PropertyValueSpecification\",\"valueRequired\":true,\"valueName\":\"search_term_string\"}}],\"inLanguage\":\"en-US\"},{\"@type\":\"Organization\",\"@id\":\"https:\/\/sloboda.at\/en\/#organization\",\"name\":\"Weingut Fabian Sloboda\",\"url\":\"https:\/\/sloboda.at\/en\/\",\"logo\":{\"@type\":\"ImageObject\",\"inLanguage\":\"en-US\",\"@id\":\"https:\/\/sloboda.at\/en\/#\/schema\/logo\/image\/\",\"url\":\"https:\/\/sloboda.at\/wp-content\/uploads\/2023\/12\/sloboda-logo-borlabs.png\",\"contentUrl\":\"https:\/\/sloboda.at\/wp-content\/uploads\/2023\/12\/sloboda-logo-borlabs.png\",\"width\":761,\"height\":111,\"caption\":\"Weingut Fabian Sloboda\"},\"image\":{\"@id\":\"https:\/\/sloboda.at\/en\/#\/schema\/logo\/image\/\"},\"sameAs\":[\"https:\/\/www.facebook.com\/p\/Heuriger-Fabian-100063709475802\/?locale=de_DE\"]}]}<\/script>\n<!-- \/ Yoast SEO plugin. -->","yoast_head_json":{"title":"WINES - Weingut Fabian Sloboda","description":"Wir bringen das in die Flasche, was Freunde und Bewohner des Burgenlandes rund um das Weltkulturerbe Neusiedler See so sch\u00e4tzen.","robots":{"index":"index","follow":"follow","max-snippet":"max-snippet:-1","max-image-preview":"max-image-preview:large","max-video-preview":"max-video-preview:-1"},"canonical":"https:\/\/sloboda.at\/en\/weine\/","og_locale":"en_US","og_type":"article","og_title":"WINES - Weingut Fabian Sloboda","og_description":"Wir bringen das in die Flasche, was Freunde und Bewohner des Burgenlandes rund um das Weltkulturerbe Neusiedler See so sch\u00e4tzen.","og_url":"https:\/\/sloboda.at\/en\/weine\/","og_site_name":"Weingut Fabian Sloboda","article_publisher":"https:\/\/www.facebook.com\/p\/Heuriger-Fabian-100063709475802\/?locale=de_DE","article_modified_time":"2025-03-13T15:31:29+00:00","og_image":[{"width":1920,"height":1120,"url":"https:\/\/sloboda.at\/wp-content\/uploads\/2023\/11\/HEADER-WEINE-DESKTOP-mit-Schrift.jpg","type":"image\/jpeg"}],"twitter_card":"summary_large_image","twitter_misc":{"Est. reading time":"3 minutes"},"schema":{"@context":"https:\/\/schema.org","@graph":[{"@type":"WebPage","@id":"https:\/\/sloboda.at\/en\/weine\/","url":"https:\/\/sloboda.at\/en\/weine\/","name":"WINES - Weingut Fabian Sloboda","isPartOf":{"@id":"https:\/\/sloboda.at\/en\/#website"},"primaryImageOfPage":{"@id":"https:\/\/sloboda.at\/en\/weine\/#primaryimage"},"image":{"@id":"https:\/\/sloboda.at\/en\/weine\/#primaryimage"},"thumbnailUrl":"https:\/\/sloboda.at\/wp-content\/uploads\/2023\/11\/HEADER-WEINE-DESKTOP-mit-Schrift.jpg","datePublished":"2023-11-06T09:50:17+00:00","dateModified":"2025-03-13T15:31:29+00:00","description":"Wir bringen das in die Flasche, was Freunde und Bewohner des Burgenlandes rund um das Weltkulturerbe Neusiedler See so sch\u00e4tzen.","breadcrumb":{"@id":"https:\/\/sloboda.at\/en\/weine\/#breadcrumb"},"inLanguage":"en-US","potentialAction":[{"@type":"ReadAction","target":["https:\/\/sloboda.at\/en\/weine\/"]}]},{"@type":"ImageObject","inLanguage":"en-US","@id":"https:\/\/sloboda.at\/en\/weine\/#primaryimage","url":"https:\/\/sloboda.at\/wp-content\/uploads\/2023\/11\/HEADER-WEINE-DESKTOP-mit-Schrift.jpg","contentUrl":"https:\/\/sloboda.at\/wp-content\/uploads\/2023\/11\/HEADER-WEINE-DESKTOP-mit-Schrift.jpg","width":1920,"height":1120},{"@type":"BreadcrumbList","@id":"https:\/\/sloboda.at\/en\/weine\/#breadcrumb","itemListElement":[{"@type":"ListItem","position":1,"name":"Startseite","item":"https:\/\/sloboda.at\/en\/"},{"@type":"ListItem","position":2,"name":"WINES"}]},{"@type":"WebSite","@id":"https:\/\/sloboda.at\/en\/#website","url":"https:\/\/sloboda.at\/en\/","name":"Weingut Fabian Sloboda","description":"Fabian Sloboda","publisher":{"@id":"https:\/\/sloboda.at\/en\/#organization"},"potentialAction":[{"@type":"SearchAction","target":{"@type":"EntryPoint","urlTemplate":"https:\/\/sloboda.at\/en\/?s={search_term_string}"},"query-input":{"@type":"PropertyValueSpecification","valueRequired":true,"valueName":"search_term_string"}}],"inLanguage":"en-US"},{"@type":"Organization","@id":"https:\/\/sloboda.at\/en\/#organization","name":"Weingut Fabian Sloboda","url":"https:\/\/sloboda.at\/en\/","logo":{"@type":"ImageObject","inLanguage":"en-US","@id":"https:\/\/sloboda.at\/en\/#\/schema\/logo\/image\/","url":"https:\/\/sloboda.at\/wp-content\/uploads\/2023\/12\/sloboda-logo-borlabs.png","contentUrl":"https:\/\/sloboda.at\/wp-content\/uploads\/2023\/12\/sloboda-logo-borlabs.png","width":761,"height":111,"caption":"Weingut Fabian Sloboda"},"image":{"@id":"https:\/\/sloboda.at\/en\/#\/schema\/logo\/image\/"},"sameAs":["https:\/\/www.facebook.com\/p\/Heuriger-Fabian-100063709475802\/?locale=de_DE"]}]}},"_links":{"self":[{"href":"https:\/\/sloboda.at\/en\/wp-json\/wp\/v2\/pages\/1367","targetHints":{"allow":["GET"]}}],"collection":[{"href":"https:\/\/sloboda.at\/en\/wp-json\/wp\/v2\/pages"}],"about":[{"href":"https:\/\/sloboda.at\/en\/wp-json\/wp\/v2\/types\/page"}],"author":[{"embeddable":true,"href":"https:\/\/sloboda.at\/en\/wp-json\/wp\/v2\/users\/1"}],"replies":[{"embeddable":true,"href":"https:\/\/sloboda.at\/en\/wp-json\/wp\/v2\/comments?post=1367"}],"version-history":[{"count":0,"href":"https:\/\/sloboda.at\/en\/wp-json\/wp\/v2\/pages\/1367\/revisions"}],"wp:featuredmedia":[{"embeddable":true,"href":"https:\/\/sloboda.at\/en\/wp-json\/wp\/v2\/media\/1315"}],"wp:attachment":[{"href":"https:\/\/sloboda.at\/en\/wp-json\/wp\/v2\/media?parent=1367"}],"curies":[{"name":"wp","href":"https:\/\/api.w.org\/{rel}","templated":true}]}}